{"id":1365,"date":"2014-01-02T11:02:32","date_gmt":"2014-01-02T10:02:32","guid":{"rendered":"http:\/\/www.tecno-spuma.es\/?page_id=1365"},"modified":"2025-10-10T08:43:18","modified_gmt":"2025-10-10T07:43:18","slug":"certificats-2","status":"publish","type":"page","link":"https:\/\/tecno-spuma.com\/ca\/certificats-2\/","title":{"rendered":"Certificats"},"content":{"rendered":"<p><strong>Tecno Spuma<\/strong> aplica criteris d&#8217;excel \u00b7 l\u00e8ncia a tres \u00e0rees concretes, com s\u00f3n les pol\u00edtiques de medi ambient, de qualitat i de prevenci\u00f3 de riscos laborals.<\/p>\n<p>L&#8217;activitat de <strong>Tecno Spuma<\/strong> no es podria percebre com a sin\u00f2nim de bon servei als nostres clients si no tingu\u00e9s en compte aquests tres criteris b\u00e0sics a l&#8217;activitat de les empreses modernes i competitives.<\/p>\n<p>En aquest sentit, cal destacar que <strong>Tecno Spuma<\/strong> disposa de les Certificacions de <strong>Qualitat ISO 9001<\/strong>, Sistema de <strong>Gesti\u00f3 Ambiental ISO 14001<\/strong>, aix\u00ed com la <a href=\"https:\/\/tecno-spuma.com\/ca\/tecno-spuma-renova-la-seva-certificacio-ecovadis\/\">certificaci\u00f3 <strong>Ecovadis<\/strong><\/a>, que reconeix el seu comprom\u00eds amb la sostenibilitat i la responsabilitat social empresarial.<\/p>\n","protected":false},"excerpt":{"rendered":"<p>Tecno Spuma aplica criteris d&#8217;excel \u00b7 l\u00e8ncia a tres \u00e0rees concretes, com s\u00f3n les pol\u00edtiques de medi ambient, de qualitat i de prevenci\u00f3 de riscos laborals. L&#8217;activitat de Tecno Spuma no es podria percebre com a sin\u00f2nim de bon servei als nostres clients si no tingu\u00e9s en compte aquests tres criteris b\u00e0sics a l&#8217;activitat de [&hellip;]<\/p>\n","protected":false},"author":1,"featured_media":0,"parent":0,"menu_order":0,"comment_status":"open","ping_status":"open","template":"page-certificados.php","meta":{"_acf_changed":false,"footnotes":""},"class_list":["post-1365","page","type-page","status-publish","hentry"],"acf":[],"yoast_head":"<!-- This site is optimized with the Yoast SEO plugin v27.4 - https:\/\/yoast.com\/product\/yoast-seo-wordpress\/ -->\n<title>Certificats - Tecno-Spuma<\/title>\n<meta name=\"description\" content=\"Tecno Spuma disposa de les certificacions de gesti\u00f3 de la qualitat ISO 9001 i tamb\u00e9 de la gesti\u00f3 ambiental ISO 14001.\" \/>\n<meta name=\"robots\" content=\"index, follow, max-snippet:-1, max-image-preview:large, max-video-preview:-1\" \/>\n<link rel=\"canonical\" href=\"https:\/\/tecno-spuma.com\/ca\/certificats-2\/\" \/>\n<meta property=\"og:locale\" content=\"ca_ES\" \/>\n<meta property=\"og:type\" content=\"article\" \/>\n<meta property=\"og:title\" content=\"Certificats - Tecno-Spuma\" \/>\n<meta property=\"og:description\" content=\"Tecno Spuma disposa de les certificacions de gesti\u00f3 de la qualitat ISO 9001 i tamb\u00e9 de la gesti\u00f3 ambiental ISO 14001.\" \/>\n<meta property=\"og:url\" content=\"https:\/\/tecno-spuma.com\/ca\/certificats-2\/\" \/>\n<meta property=\"og:site_name\" content=\"Tecno-Spuma\" \/>\n<meta property=\"article:modified_time\" content=\"2025-10-10T07:43:18+00:00\" \/>\n<meta name=\"twitter:card\" content=\"summary_large_image\" \/>\n<meta name=\"twitter:label1\" content=\"Temps estimat de lectura\" \/>\n\t<meta name=\"twitter:data1\" content=\"1 minut\" \/>\n<script type=\"application\/ld+json\" class=\"yoast-schema-graph\">{\"@context\":\"https:\\\/\\\/schema.org\",\"@graph\":[{\"@type\":\"WebPage\",\"@id\":\"https:\\\/\\\/tecno-spuma.com\\\/ca\\\/certificats-2\\\/\",\"url\":\"https:\\\/\\\/tecno-spuma.com\\\/ca\\\/certificats-2\\\/\",\"name\":\"Certificats - Tecno-Spuma\",\"isPartOf\":{\"@id\":\"https:\\\/\\\/tecno-spuma.com\\\/ca\\\/#website\"},\"datePublished\":\"2014-01-02T10:02:32+00:00\",\"dateModified\":\"2025-10-10T07:43:18+00:00\",\"description\":\"Tecno Spuma disposa de les certificacions de gesti\u00f3 de la qualitat ISO 9001 i tamb\u00e9 de la gesti\u00f3 ambiental ISO 14001.\",\"breadcrumb\":{\"@id\":\"https:\\\/\\\/tecno-spuma.com\\\/ca\\\/certificats-2\\\/#breadcrumb\"},\"inLanguage\":\"ca\",\"potentialAction\":[{\"@type\":\"ReadAction\",\"target\":[\"https:\\\/\\\/tecno-spuma.com\\\/ca\\\/certificats-2\\\/\"]}]},{\"@type\":\"BreadcrumbList\",\"@id\":\"https:\\\/\\\/tecno-spuma.com\\\/ca\\\/certificats-2\\\/#breadcrumb\",\"itemListElement\":[{\"@type\":\"ListItem\",\"position\":1,\"name\":\"Portada\",\"item\":\"https:\\\/\\\/tecno-spuma.com\\\/ca\\\/\"},{\"@type\":\"ListItem\",\"position\":2,\"name\":\"Certificats\"}]},{\"@type\":\"WebSite\",\"@id\":\"https:\\\/\\\/tecno-spuma.com\\\/ca\\\/#website\",\"url\":\"https:\\\/\\\/tecno-spuma.com\\\/ca\\\/\",\"name\":\"Tecno-Spuma\",\"description\":\"\",\"potentialAction\":[{\"@type\":\"SearchAction\",\"target\":{\"@type\":\"EntryPoint\",\"urlTemplate\":\"https:\\\/\\\/tecno-spuma.com\\\/ca\\\/?s={search_term_string}\"},\"query-input\":{\"@type\":\"PropertyValueSpecification\",\"valueRequired\":true,\"valueName\":\"search_term_string\"}}],\"inLanguage\":\"ca\"}]}<\/script>\n<!-- \/ Yoast SEO plugin. -->","yoast_head_json":{"title":"Certificats - Tecno-Spuma","description":"Tecno Spuma disposa de les certificacions de gesti\u00f3 de la qualitat ISO 9001 i tamb\u00e9 de la gesti\u00f3 ambiental ISO 14001.","robots":{"index":"index","follow":"follow","max-snippet":"max-snippet:-1","max-image-preview":"max-image-preview:large","max-video-preview":"max-video-preview:-1"},"canonical":"https:\/\/tecno-spuma.com\/ca\/certificats-2\/","og_locale":"ca_ES","og_type":"article","og_title":"Certificats - Tecno-Spuma","og_description":"Tecno Spuma disposa de les certificacions de gesti\u00f3 de la qualitat ISO 9001 i tamb\u00e9 de la gesti\u00f3 ambiental ISO 14001.","og_url":"https:\/\/tecno-spuma.com\/ca\/certificats-2\/","og_site_name":"Tecno-Spuma","article_modified_time":"2025-10-10T07:43:18+00:00","twitter_card":"summary_large_image","twitter_misc":{"Temps estimat de lectura":"1 minut"},"schema":{"@context":"https:\/\/schema.org","@graph":[{"@type":"WebPage","@id":"https:\/\/tecno-spuma.com\/ca\/certificats-2\/","url":"https:\/\/tecno-spuma.com\/ca\/certificats-2\/","name":"Certificats - Tecno-Spuma","isPartOf":{"@id":"https:\/\/tecno-spuma.com\/ca\/#website"},"datePublished":"2014-01-02T10:02:32+00:00","dateModified":"2025-10-10T07:43:18+00:00","description":"Tecno Spuma disposa de les certificacions de gesti\u00f3 de la qualitat ISO 9001 i tamb\u00e9 de la gesti\u00f3 ambiental ISO 14001.","breadcrumb":{"@id":"https:\/\/tecno-spuma.com\/ca\/certificats-2\/#breadcrumb"},"inLanguage":"ca","potentialAction":[{"@type":"ReadAction","target":["https:\/\/tecno-spuma.com\/ca\/certificats-2\/"]}]},{"@type":"BreadcrumbList","@id":"https:\/\/tecno-spuma.com\/ca\/certificats-2\/#breadcrumb","itemListElement":[{"@type":"ListItem","position":1,"name":"Portada","item":"https:\/\/tecno-spuma.com\/ca\/"},{"@type":"ListItem","position":2,"name":"Certificats"}]},{"@type":"WebSite","@id":"https:\/\/tecno-spuma.com\/ca\/#website","url":"https:\/\/tecno-spuma.com\/ca\/","name":"Tecno-Spuma","description":"","potentialAction":[{"@type":"SearchAction","target":{"@type":"EntryPoint","urlTemplate":"https:\/\/tecno-spuma.com\/ca\/?s={search_term_string}"},"query-input":{"@type":"PropertyValueSpecification","valueRequired":true,"valueName":"search_term_string"}}],"inLanguage":"ca"}]}},"_links":{"self":[{"href":"https:\/\/tecno-spuma.com\/ca\/wp-json\/wp\/v2\/pages\/1365","targetHints":{"allow":["GET"]}}],"collection":[{"href":"https:\/\/tecno-spuma.com\/ca\/wp-json\/wp\/v2\/pages"}],"about":[{"href":"https:\/\/tecno-spuma.com\/ca\/wp-json\/wp\/v2\/types\/page"}],"author":[{"embeddable":true,"href":"https:\/\/tecno-spuma.com\/ca\/wp-json\/wp\/v2\/users\/1"}],"replies":[{"embeddable":true,"href":"https:\/\/tecno-spuma.com\/ca\/wp-json\/wp\/v2\/comments?post=1365"}],"version-history":[{"count":2,"href":"https:\/\/tecno-spuma.com\/ca\/wp-json\/wp\/v2\/pages\/1365\/revisions"}],"predecessor-version":[{"id":9351,"href":"https:\/\/tecno-spuma.com\/ca\/wp-json\/wp\/v2\/pages\/1365\/revisions\/9351"}],"wp:attachment":[{"href":"https:\/\/tecno-spuma.com\/ca\/wp-json\/wp\/v2\/media?parent=1365"}],"curies":[{"name":"wp","href":"https:\/\/api.w.org\/{rel}","templated":true}]}}