{"id":4807,"date":"2014-01-09T09:45:33","date_gmt":"2014-01-09T08:45:33","guid":{"rendered":"http:\/\/www.tecno-spuma.es\/?page_id=4807\/"},"modified":"2017-06-04T17:42:32","modified_gmt":"2017-06-04T16:42:32","slug":"aviso-legal","status":"publish","type":"page","link":"https:\/\/tecno-spuma.com\/ca\/aviso-legal\/","title":{"rendered":"Aviso Legal"},"content":{"rendered":"<p><strong>1. \u00c1mbito de aplicaci\u00f3n<\/strong><\/p>\n<p>Esta nota legal contiene las condiciones que regulan el uso y acceso al sitio web www.tecno-spuma.com (en adelante sitio o web) y las responsabilidades derivadas de su utilizaci\u00f3n.<\/p>\n<p>Se entender\u00e1 que el acceso o la mera utilizaci\u00f3n del sitio web por parte del usuario implica la adhesi\u00f3n del mismo a todas las condiciones que TECNO-SPUMA S.L. tenga publicadas en ese momento en el web.<\/p>\n<p><strong>2. Titular<\/strong><\/p>\n<p>El titular de este sitio web es TECNO-SPUMA S.L., con domicilio social en Calle Santa Coloma, 16 (Pol\u00edgono Industrial Puigti\u00f3) 17412 Ma\u00e7anet de la Selva (GIRONA), y e-mail info@tecno-spuma.com, con NIF B55209712, registrada en el Tomo 2984, Folio 48, Hoja GI-57136, del Registro Mercantil de Girona.<\/p>\n<p>TECNO-SPUMA S.L. es una empresa dedicada al dise\u00f1o, desarrollo y transformaci\u00f3n de espumas t\u00e9cnicas, fieltros, elast\u00f3meros y autoadhesivos, as\u00ed como materiales afines a los mismos, destinados principalmente a los sectores de industria y construcci\u00f3n.<\/p>\n<p><strong>3. Objeto<\/strong><\/p>\n<p>El objetivo de este sitio es informar de la actividad que desarrolla TECNO-SPUMA S.L.<\/p>\n<p><strong>4. Derechos de Propiedad Intelectual e Industrial<\/strong><\/p>\n<p>La totalidad de este sitio web: descripci\u00f3n y caracter\u00edsticas, texto, im\u00e1genes, marcas, logotipos, botones, archivos de software, combinaciones de colores, as\u00ed como la estructura, selecci\u00f3n, ordenaci\u00f3n y presentaci\u00f3n de sus contenidos se encuentra protegido por las leyes espa\u00f1olas e internacionales sobre propiedad Intelectual e Industrial.<\/p>\n<p>En ning\u00fan caso el acceso a dicho sitio implica ning\u00fan tipo de renuncia, transmisi\u00f3n o cesi\u00f3n total ni parcial de los derechos otorgados por la legislaci\u00f3n espa\u00f1ola e internacional sobre propiedad Intelectual e Industrial.<\/p>\n<p>La reproducci\u00f3n , la copia, el uso, la distribuci\u00f3n, la reutilizaci\u00f3n, la explotaci\u00f3n, la realizaci\u00f3n de segundas copias, el env\u00edo por correo, la transmisi\u00f3n, la modificaci\u00f3n, la cesi\u00f3n o cualquier otro acto que se haga con la totalidad o parte de la informaci\u00f3n contenida en este web que no haya sido expresamente autorizado por el titular, quedan prohibidos.<\/p>\n<p>El usuario se obliga a usar los contenidos de forma diligente, correcta y l\u00edcita y, en particular, se compromete a abstenerse de suprimir, eludir o manipular el &#8220;copyright&#8221; y dem\u00e1s datos identificativos de los derechos de TECNO-SPUMA S.L o de sus titulares incorporados a los contenidos, as\u00ed como los dispositivos t\u00e9cnicos de protecci\u00f3n o cualesquiera mecanismos de informaci\u00f3n que pudieren incluirse en los contenidos. Asimismo el usuario se abstendr\u00e1 de emplear los contenidos y, en particular, la informaci\u00f3n de cualquier clase obtenida a trav\u00e9s del sitio para remitir publicidad, comunicaciones con fines comerciales, mensajes no solicitados dirigidos a una pluralidad de personas con independencia de su finalidad, as\u00ed como a abstenerse de comercializar o divulgar de cualquier modo dicha informaci\u00f3n.<\/p>\n<p>www.tecno-spuma.com es un dominio registrado por TECNO-SPUMA S.L.. El dominio de TECNO-SPUMA, S.L no puede ser utilizado, salvo autorizaci\u00f3n expresa previa, en conexi\u00f3n con otros servicios que no sean de TECNO-SPUMA S.L de ninguna manera que pueda causar confusi\u00f3n entre nuestros clientes o descr\u00e9dito de TECNO-SPUMA S.L.<\/p>\n<p><strong>5. Acceso<\/strong><\/p>\n<p>Los usuarios podr\u00e1n acceder al sitio de forma libre y gratuita.<\/p>\n<p><strong>6. Pol\u00edtica de Confidencialidad y Protecci\u00f3n de Datos<\/strong><\/p>\n<p>Los datos identificativos y personales proporcionados en el marco del presente sitio web, v\u00eda formulario o v\u00eda e-mail, son confidenciales y formar\u00e1n parte de los ficheros titularidad de TECNO-SPUMA S.L con la finalidad de procesar su consulta o enviarle la informaci\u00f3n solicitada. Al mismo tiempo, los usuarios autorizan expresamente a TECNO-SPUMA S.L. a enviarles informaci\u00f3n respecto de novedades en el \u00e1mbito de los servicios prestados por la misma. En el supuesto de que no desearan recibir la mencionada informaci\u00f3n bastar\u00e1 con notificarlo v\u00eda e-mail a en cualquier momento. Los datos introducidos en los formularios por el usuario deber\u00e1n ser datos verdaderos, exactos, completos y actuales. En el caso de que la persona que entre los datos sea diferente de la que se vaya a declarar como usuario, se entender\u00e1 que tiene consentimiento expreso del usuario para ello y que este nos otorga autorizaci\u00f3n para realizar el tratamiento anteriormente descrito. El usuario ser\u00e1 el \u00fanico responsable de cualquier da\u00f1o o perjuicio, directo o indirecto que pudiera ocasionar a cualquier persona a causa de la cumplimentaci\u00f3n del formulario con datos falsos, inexactos, incompletos o no actualizados.<\/p>\n<p>El titular de los datos de car\u00e1cter personal tendr\u00e1 derecho de oposici\u00f3n, acceso, rectificaci\u00f3n y cancelaci\u00f3n respecto a cuantos datos suyos existan almacenados en la base de datos de TECNO-SPUMA S.L.. Dichos derechos podr\u00e1n ser ejercitados a trav\u00e9s de cualquier medio de comunicaci\u00f3n frente a TECNO-SPUMA S.L. en la direcci\u00f3n indicada en el apdo. 2 del presente Aviso Legal, adjuntando fotocopia de DNI del titular de los datos o en el e-mail info@tecno-spuma.com<\/p>\n<p>TECNO-SPUMA S.L. se reserva el derecho de modificar su pol\u00edtica de confidencialidad y de protecci\u00f3n de datos como consecuencia de un cambio legislativo, jurisprudencial o en la pr\u00e1ctica empresarial. Si se produjera alguna modificaci\u00f3n, el nuevo texto ser\u00e1 publicado en esta p\u00e1gina, donde podr\u00e1 tener acceso a la pol\u00edtica actual en materia de confidencialidad y protecci\u00f3n de datos. En cada caso, la relaci\u00f3n con los usuarios se regir\u00e1 por las normas previstas en el momento preciso en que se accede al web.<\/p>\n<p><strong>7. Responsabilidad y Obligaciones<\/strong><\/p>\n<p><em>Responsabilidad en cuanto al contenido<\/em><\/p>\n<p>El contenido de este sitio web es de car\u00e1cter general as\u00ed como tiene una finalidad y efectos exclusivamente informativos de nuestros servicios y de nuestra actividad empresarial.<\/p>\n<p>TECNO-SPUMA S.L. se exime de cualquier responsabilidad respecto a cualquier decisi\u00f3n adoptada por el usuario del sitio web como consecuencia de la informaci\u00f3n contenida en ella, en especial respecto a las caracter\u00edsticas t\u00e9cnicas de los cables. La entidad TECNO-SPUMA S.L. rechaza la responsabilidad sobre cualquier informaci\u00f3n no elaborada por TECNO-SPUMA S.L. o no publicada de forma autorizada por ella bajo su nombre, al igual que la responsabilidad que se derive de la mala utilizaci\u00f3n de los contenidos, as\u00ed como se reserva el derecho a actualizarlos, a eliminarlos, limitarlos o impedir el acceso a ellos, de manera temporal o definitiva.<\/p>\n<p>Responsabilidad respecto a los enlaces a otras p\u00e1ginas webs (links) Los enlaces introducidos en www.tecno-spuma.com son de car\u00e1cter meramente informativo y, por tanto, TECNO-SPUMA S.L. no controla ni verifica ninguna informaci\u00f3n, contenido, productos o servicios facilitados a trav\u00e9s de estos sitios web. En consecuencia, TECNO-SPUMA S.L. declina cualquier tipo de responsabilidad por cualquier aspecto, en especial el contenido, relativo a esa p\u00e1gina. Responsabilidad en el supuesto en que esta p\u00e1gina sea el destino del enlace introducido en otra p\u00e1gina.<\/p>\n<p>Por lo que se refiere a los enlaces establecidos por otras p\u00e1ginas a este sitio as\u00ed como si cualquier usuario, entidad o p\u00e1gina web deseara establecer alg\u00fan tipo de enlace con destino al sitio web de TECNO-SPUMA S.L. deber\u00e1 atenerse a las siguientes estipulaciones:<br \/>\n\u2022 Deber\u00e1 solicitar autorizaci\u00f3n previamente a la realizaci\u00f3n del enlace y deber\u00e1 constar de forma expresa su otorgamiento.<br \/>\n\u2022 S\u00f3lo se podr\u00e1 dirigir a la p\u00e1gina de inicio.<br \/>\n\u2022 El enlace debe ser absoluto y completo, es decir, debe llevar al usuario a la propia direcci\u00f3n de TECNO-SPUMA S.L. y debe abarcar completamente toda la extensi\u00f3n de la pantalla de la p\u00e1gina inicial. En ning\u00fan caso, salvo autorizaci\u00f3n expresa y por escrito de TECNO-SPUMA S.L., la p\u00e1gina que realice el enlace podr\u00e1 reproducir de cualquier manera el sitio web de TECNO-SPUMA S.L., incluirlo como parte de su web o dentro de uno de sus frames o crear un browser sobre cualquiera de las p\u00e1ginas de la web.<br \/>\n\u2022 No se dar\u00e1 ning\u00fan tipo de indicaci\u00f3n err\u00f3nea o incorrecta acerca de la p\u00e1gina de TECNO-SPUMA S.L.<br \/>\n\u2022 Si quisiera hacer constar alg\u00fan signo distintivo de TECNO-SPUMA S.L., como marcas, logos, denominaci\u00f3n deber\u00e1 contar con la autorizaci\u00f3n por escrito.<br \/>\n\u2022 El Titular de la p\u00e1gina que ofrece el enlace deber\u00e1 actuar de buena fe y no pretender\u00e1 afectar negativamente a la reputaci\u00f3n o buen nombre de TECNO- SPUMA S.L.<br \/>\n\u2022 Se proh\u00edbe, salvo autorizaci\u00f3n expresa de TECNO-SPUMA S.L. dar de alta los elementos de texto de la marca o del logo, el nombre de dominio o la denominaci\u00f3n social de TECNO-SPUMA S.L. como palabra clave (metatags o metanames) para la b\u00fasqueda de sitios webs realizada a trav\u00e9s de buscadores. TECNO-SPUMA S.L. no asume ning\u00fan tipo de responsabilidad por cualquier aspecto relativo a la p\u00e1gina web que ofrece el enlace. El establecimiento del enlace no implica la existencia de alg\u00fan tipo de relaci\u00f3n, colaboraci\u00f3n o dependencia de TECNO-SPUMA S.L. con el titular de esa p\u00e1gina web.<\/p>\n<p><em>Responsabilidad aspectos t\u00e9cnicos<\/em><\/p>\n<p>TECNO-SPUMA S.L. no garantiza la continuidad del funcionamiento del sitio web al igual que el mismo se encuentre en todo momento operativo y disponible. TECNO-SPUMA S.L. no se hace responsable de los da\u00f1os y perjuicios directos o indirectos, incluidos da\u00f1os a sistemas inform\u00e1ticos e introducci\u00f3n de virus existentes en la red, derivados de la navegaci\u00f3n por Internet necesaria para el uso de este sitio web.<\/p>\n<p><em>Obligaci\u00f3n de los usuarios<\/em><\/p>\n<p>El usuario responder\u00e1 de los da\u00f1os y perjuicios que TECNO-SPUMA S.L. pueda sufrir como consecuencia del incumplimiento de cualquiera de las obligaciones determinadas en esta nota legal.<\/p>\n<p>Respecto a la navegaci\u00f3n, el usuario se compromete a observar diligente y fielmente las recomendaciones que en su momento establezca TECNO-SPUMA S.L. relativa al uso del sitio. A estos efectos TECNO-SPUMA S.L. se dirigir\u00e1 a los usuarios mediante cualquier medio de comunicaci\u00f3n a trav\u00e9s del sitio web.<\/p>\n<p><strong>8. Duraci\u00f3n y Modificaci\u00f3n<\/strong><\/p>\n<p>TECNO-SPUMA S.L. tendr\u00e1 derecho a modificar los t\u00e9rminos y condiciones aqu\u00ed estipuladas de forma unilateral, total o parcialmente. Cualquier cambio aparecer\u00e1 en la misma forma en que se encuentran en este aviso legal.<\/p>\n<p>La vigencia temporal de este aviso legal coincide, por lo tanto, con el tiempo de su exposici\u00f3n, hasta el momento en que sean modificadas de forma total o parcial por TECNO-SPUMA S.L.<\/p>\n<p>TECNO-SPUMA S.L. podr\u00e1 dar por terminadas, suspender o interrumpir unilateralmente, la operatividad de este sitio web, sin posibilidad de solicitar indemnizaci\u00f3n alguna por parte del usuario. Tras dicha extinci\u00f3n, el usuario deber\u00e1 destruir cualquier informaci\u00f3n sobre la sociedad TECNO-SPUMA S.L. que posea en cualquier formato y que haya obtenido a trav\u00e9s del sitio o a trav\u00e9s de las comunicaciones realizadas de forma individual al usuario por la misma.<\/p>\n<p><strong>9. Legislaci\u00f3n y Jurisdicci\u00f3n.<\/strong><\/p>\n<p>Estas condiciones de uso se rigen por la legislaci\u00f3n espa\u00f1ola. Los usuarios y la empresa TECNO-SPUMA, S.L. con expresa renuncia de su fuero, someten todas las interpretaciones o conflictos que pudieran surgir derivados de este aviso legal a los Juzgados y Tribunales de Barcelona.<\/p>\n","protected":false},"excerpt":{"rendered":"<p>1. \u00c1mbito de aplicaci\u00f3n Esta nota legal contiene las condiciones que regulan el uso y acceso al sitio web www.tecno-spuma.com (en adelante sitio o web) y las responsabilidades derivadas de su utilizaci\u00f3n. Se entender\u00e1 que el acceso o la mera utilizaci\u00f3n del sitio web por parte del usuario implica la adhesi\u00f3n del mismo a todas [&hellip;]<\/p>\n","protected":false},"author":1,"featured_media":0,"parent":0,"menu_order":0,"comment_status":"open","ping_status":"open","template":"","meta":{"_acf_changed":false,"footnotes":""},"class_list":["post-4807","page","type-page","status-publish","hentry"],"acf":[],"yoast_head":"<!-- This site is optimized with the Yoast SEO plugin v27.4 - https:\/\/yoast.com\/product\/yoast-seo-wordpress\/ -->\n<title>Aviso Legal - Tecno-Spuma<\/title>\n<meta name=\"robots\" content=\"index, follow, max-snippet:-1, max-image-preview:large, max-video-preview:-1\" \/>\n<link rel=\"canonical\" href=\"https:\/\/tecno-spuma.com\/ca\/aviso-legal\/\" \/>\n<meta property=\"og:locale\" content=\"ca_ES\" \/>\n<meta property=\"og:type\" content=\"article\" \/>\n<meta property=\"og:title\" content=\"Aviso Legal - Tecno-Spuma\" \/>\n<meta property=\"og:description\" content=\"1. \u00c1mbito de aplicaci\u00f3n Esta nota legal contiene las condiciones que regulan el uso y acceso al sitio web www.tecno-spuma.com (en adelante sitio o web) y las responsabilidades derivadas de su utilizaci\u00f3n. Se entender\u00e1 que el acceso o la mera utilizaci\u00f3n del sitio web por parte del usuario implica la adhesi\u00f3n del mismo a todas [&hellip;]\" \/>\n<meta property=\"og:url\" content=\"https:\/\/tecno-spuma.com\/ca\/aviso-legal\/\" \/>\n<meta property=\"og:site_name\" content=\"Tecno-Spuma\" \/>\n<meta property=\"article:modified_time\" content=\"2017-06-04T16:42:32+00:00\" \/>\n<meta name=\"twitter:card\" content=\"summary_large_image\" \/>\n<meta name=\"twitter:label1\" content=\"Temps estimat de lectura\" \/>\n\t<meta name=\"twitter:data1\" content=\"9 minuts\" \/>\n<script type=\"application\/ld+json\" class=\"yoast-schema-graph\">{\"@context\":\"https:\\\/\\\/schema.org\",\"@graph\":[{\"@type\":\"WebPage\",\"@id\":\"https:\\\/\\\/tecno-spuma.com\\\/ca\\\/aviso-legal\\\/\",\"url\":\"https:\\\/\\\/tecno-spuma.com\\\/ca\\\/aviso-legal\\\/\",\"name\":\"Aviso Legal - Tecno-Spuma\",\"isPartOf\":{\"@id\":\"https:\\\/\\\/tecno-spuma.com\\\/ca\\\/#website\"},\"datePublished\":\"2014-01-09T08:45:33+00:00\",\"dateModified\":\"2017-06-04T16:42:32+00:00\",\"breadcrumb\":{\"@id\":\"https:\\\/\\\/tecno-spuma.com\\\/ca\\\/aviso-legal\\\/#breadcrumb\"},\"inLanguage\":\"ca\",\"potentialAction\":[{\"@type\":\"ReadAction\",\"target\":[\"https:\\\/\\\/tecno-spuma.com\\\/ca\\\/aviso-legal\\\/\"]}]},{\"@type\":\"BreadcrumbList\",\"@id\":\"https:\\\/\\\/tecno-spuma.com\\\/ca\\\/aviso-legal\\\/#breadcrumb\",\"itemListElement\":[{\"@type\":\"ListItem\",\"position\":1,\"name\":\"Portada\",\"item\":\"https:\\\/\\\/tecno-spuma.com\\\/ca\\\/\"},{\"@type\":\"ListItem\",\"position\":2,\"name\":\"Aviso Legal\"}]},{\"@type\":\"WebSite\",\"@id\":\"https:\\\/\\\/tecno-spuma.com\\\/ca\\\/#website\",\"url\":\"https:\\\/\\\/tecno-spuma.com\\\/ca\\\/\",\"name\":\"Tecno-Spuma\",\"description\":\"\",\"potentialAction\":[{\"@type\":\"SearchAction\",\"target\":{\"@type\":\"EntryPoint\",\"urlTemplate\":\"https:\\\/\\\/tecno-spuma.com\\\/ca\\\/?s={search_term_string}\"},\"query-input\":{\"@type\":\"PropertyValueSpecification\",\"valueRequired\":true,\"valueName\":\"search_term_string\"}}],\"inLanguage\":\"ca\"}]}<\/script>\n<!-- \/ Yoast SEO plugin. -->","yoast_head_json":{"title":"Aviso Legal - Tecno-Spuma","robots":{"index":"index","follow":"follow","max-snippet":"max-snippet:-1","max-image-preview":"max-image-preview:large","max-video-preview":"max-video-preview:-1"},"canonical":"https:\/\/tecno-spuma.com\/ca\/aviso-legal\/","og_locale":"ca_ES","og_type":"article","og_title":"Aviso Legal - Tecno-Spuma","og_description":"1. \u00c1mbito de aplicaci\u00f3n Esta nota legal contiene las condiciones que regulan el uso y acceso al sitio web www.tecno-spuma.com (en adelante sitio o web) y las responsabilidades derivadas de su utilizaci\u00f3n. Se entender\u00e1 que el acceso o la mera utilizaci\u00f3n del sitio web por parte del usuario implica la adhesi\u00f3n del mismo a todas [&hellip;]","og_url":"https:\/\/tecno-spuma.com\/ca\/aviso-legal\/","og_site_name":"Tecno-Spuma","article_modified_time":"2017-06-04T16:42:32+00:00","twitter_card":"summary_large_image","twitter_misc":{"Temps estimat de lectura":"9 minuts"},"schema":{"@context":"https:\/\/schema.org","@graph":[{"@type":"WebPage","@id":"https:\/\/tecno-spuma.com\/ca\/aviso-legal\/","url":"https:\/\/tecno-spuma.com\/ca\/aviso-legal\/","name":"Aviso Legal - Tecno-Spuma","isPartOf":{"@id":"https:\/\/tecno-spuma.com\/ca\/#website"},"datePublished":"2014-01-09T08:45:33+00:00","dateModified":"2017-06-04T16:42:32+00:00","breadcrumb":{"@id":"https:\/\/tecno-spuma.com\/ca\/aviso-legal\/#breadcrumb"},"inLanguage":"ca","potentialAction":[{"@type":"ReadAction","target":["https:\/\/tecno-spuma.com\/ca\/aviso-legal\/"]}]},{"@type":"BreadcrumbList","@id":"https:\/\/tecno-spuma.com\/ca\/aviso-legal\/#breadcrumb","itemListElement":[{"@type":"ListItem","position":1,"name":"Portada","item":"https:\/\/tecno-spuma.com\/ca\/"},{"@type":"ListItem","position":2,"name":"Aviso Legal"}]},{"@type":"WebSite","@id":"https:\/\/tecno-spuma.com\/ca\/#website","url":"https:\/\/tecno-spuma.com\/ca\/","name":"Tecno-Spuma","description":"","potentialAction":[{"@type":"SearchAction","target":{"@type":"EntryPoint","urlTemplate":"https:\/\/tecno-spuma.com\/ca\/?s={search_term_string}"},"query-input":{"@type":"PropertyValueSpecification","valueRequired":true,"valueName":"search_term_string"}}],"inLanguage":"ca"}]}},"_links":{"self":[{"href":"https:\/\/tecno-spuma.com\/ca\/wp-json\/wp\/v2\/pages\/4807","targetHints":{"allow":["GET"]}}],"collection":[{"href":"https:\/\/tecno-spuma.com\/ca\/wp-json\/wp\/v2\/pages"}],"about":[{"href":"https:\/\/tecno-spuma.com\/ca\/wp-json\/wp\/v2\/types\/page"}],"author":[{"embeddable":true,"href":"https:\/\/tecno-spuma.com\/ca\/wp-json\/wp\/v2\/users\/1"}],"replies":[{"embeddable":true,"href":"https:\/\/tecno-spuma.com\/ca\/wp-json\/wp\/v2\/comments?post=4807"}],"version-history":[{"count":0,"href":"https:\/\/tecno-spuma.com\/ca\/wp-json\/wp\/v2\/pages\/4807\/revisions"}],"wp:attachment":[{"href":"https:\/\/tecno-spuma.com\/ca\/wp-json\/wp\/v2\/media?parent=4807"}],"curies":[{"name":"wp","href":"https:\/\/api.w.org\/{rel}","templated":true}]}}