{"id":4875,"date":"2017-06-04T22:01:42","date_gmt":"2017-06-04T21:01:42","guid":{"rendered":"http:\/\/www.tecno-spuma.es\/?page_id=4875"},"modified":"2024-07-13T18:39:22","modified_gmt":"2024-07-13T17:39:22","slug":"codi-etic","status":"publish","type":"page","link":"https:\/\/tecno-spuma.com\/ca\/empresa\/codi-etic\/","title":{"rendered":"Codi \u00c8tic"},"content":{"rendered":"<p><span lang=\"CA\" style=\"margin: 0px; line-height: 115%; font-family: 'Arial',sans-serif; font-size: 12pt;\"><span style=\"color: #000000;\">TECNO SPUMA, S.L. \u00e9s una empresa compromesa amb el comportament \u00e8tic en cadascuna de les seves \u00e0rees d&#8217;actuaci\u00f3, essent transcripci\u00f3 d&#8217;aquest comprom\u00eds el nostre Codi \u00c8tic, que recull de manera expl\u00edcita les pautes i conductes m\u00e9s rellevants que han de guiar totes les nostres accions.<\/span><\/span><\/p>\n<p><span lang=\"CA\" style=\"margin: 0px; line-height: 115%; font-family: 'Arial',sans-serif; font-size: 12pt;\"><span style=\"color: #000000;\">En conseq\u00fc\u00e8ncia, aquesta implicaci\u00f3 es veu reflectida en el mateix model de govern de TECNO SPUMA, S.L. mitjan\u00e7ant la inclusi\u00f3 d&#8217;un \u00f2rgan espec\u00edfic per al control del compliment normatiu i les bones pr\u00e0ctiques dins de la companyia, el Comit\u00e8 de Compliment.<\/span><\/span><\/p>\n<p><span lang=\"CA\" style=\"margin: 0px; line-height: 115%; font-family: 'Arial',sans-serif; font-size: 12pt;\"><span style=\"color: #000000;\">TECNO SPUMA, S.L., amb la finalitat d&#8217;aconseguir el m\u00e0xim nivell de comprom\u00eds, posa a la disposici\u00f3 de tots els seus grups d&#8217;inter\u00e8s un Canal \u00c8tic corporatiu per traslladar qualsevol consulta, o conducta irregular o contr\u00e0ria a les normes d&#8217;actuaci\u00f3 contingudes en el Codi \u00c8tic. L&#8217;esmentat Canal \u00c8tic \u00e9s accessible per als empleats, clients i prove\u00efdors de l&#8217;empresa, els qui podran enviar la corresponent comunicaci\u00f3 dirigida al correu electr\u00f2nic <\/span><u><span style=\"color: #0000ff;\">rrhh@tecnospuma.com.<\/span><\/u><\/span><\/p>\n<p><span lang=\"CA\" style=\"margin: 0px; line-height: 115%; font-family: 'Arial',sans-serif; font-size: 12pt;\"><span style=\"color: #000000;\">Una c\u00f2pia completa del codi \u00e8tic est\u00e0 a la disposici\u00f3 de qui ho sol\u00b7liciti a l&#8217;e-mail: <\/span><u><span style=\"color: #0000ff;\">rrhh@tecno-spuma.com.<\/span><\/u><\/span><\/p>\n","protected":false},"excerpt":{"rendered":"<p>TECNO SPUMA, S.L. \u00e9s una empresa compromesa amb el comportament \u00e8tic en cadascuna de les seves \u00e0rees d&#8217;actuaci\u00f3, essent transcripci\u00f3 d&#8217;aquest comprom\u00eds el nostre Codi \u00c8tic, que recull de manera expl\u00edcita les pautes i conductes m\u00e9s rellevants que han de guiar totes les nostres accions. En conseq\u00fc\u00e8ncia, aquesta implicaci\u00f3 es veu reflectida en el mateix [&hellip;]<\/p>\n","protected":false},"author":1,"featured_media":0,"parent":1336,"menu_order":4,"comment_status":"closed","ping_status":"closed","template":"page-empresa.php","meta":{"_acf_changed":false,"footnotes":""},"class_list":["post-4875","page","type-page","status-publish","hentry"],"acf":[],"yoast_head":"<!-- This site is optimized with the Yoast SEO plugin v27.4 - https:\/\/yoast.com\/product\/yoast-seo-wordpress\/ -->\n<title>Codi \u00c8tic - Tecno-Spuma<\/title>\n<meta name=\"description\" content=\"El Codi \u00c8tic de Tecno Spuma recull les pautes i conductes essencials que guien les seves accions, separades en missi\u00f3, visi\u00f3 i valors.\" \/>\n<meta name=\"robots\" content=\"index, follow, max-snippet:-1, max-image-preview:large, max-video-preview:-1\" \/>\n<link rel=\"canonical\" href=\"https:\/\/tecno-spuma.com\/ca\/empresa\/codi-etic\/\" \/>\n<meta property=\"og:locale\" content=\"ca_ES\" \/>\n<meta property=\"og:type\" content=\"article\" \/>\n<meta property=\"og:title\" content=\"Codi \u00c8tic - Tecno-Spuma\" \/>\n<meta property=\"og:description\" content=\"El Codi \u00c8tic de Tecno Spuma recull les pautes i conductes essencials que guien les seves accions, separades en missi\u00f3, visi\u00f3 i valors.\" \/>\n<meta property=\"og:url\" content=\"https:\/\/tecno-spuma.com\/ca\/empresa\/codi-etic\/\" \/>\n<meta property=\"og:site_name\" content=\"Tecno-Spuma\" \/>\n<meta property=\"article:modified_time\" content=\"2024-07-13T17:39:22+00:00\" \/>\n<meta name=\"twitter:card\" content=\"summary_large_image\" \/>\n<meta name=\"twitter:label1\" content=\"Temps estimat de lectura\" \/>\n\t<meta name=\"twitter:data1\" content=\"3 minuts\" \/>\n<script type=\"application\/ld+json\" class=\"yoast-schema-graph\">{\"@context\":\"https:\\\/\\\/schema.org\",\"@graph\":[{\"@type\":\"WebPage\",\"@id\":\"https:\\\/\\\/tecno-spuma.com\\\/ca\\\/empresa\\\/codi-etic\\\/\",\"url\":\"https:\\\/\\\/tecno-spuma.com\\\/ca\\\/empresa\\\/codi-etic\\\/\",\"name\":\"Codi \u00c8tic - Tecno-Spuma\",\"isPartOf\":{\"@id\":\"https:\\\/\\\/tecno-spuma.com\\\/ca\\\/#website\"},\"datePublished\":\"2017-06-04T21:01:42+00:00\",\"dateModified\":\"2024-07-13T17:39:22+00:00\",\"description\":\"El Codi \u00c8tic de Tecno Spuma recull les pautes i conductes essencials que guien les seves accions, separades en missi\u00f3, visi\u00f3 i valors.\",\"breadcrumb\":{\"@id\":\"https:\\\/\\\/tecno-spuma.com\\\/ca\\\/empresa\\\/codi-etic\\\/#breadcrumb\"},\"inLanguage\":\"ca\",\"potentialAction\":[{\"@type\":\"ReadAction\",\"target\":[\"https:\\\/\\\/tecno-spuma.com\\\/ca\\\/empresa\\\/codi-etic\\\/\"]}]},{\"@type\":\"BreadcrumbList\",\"@id\":\"https:\\\/\\\/tecno-spuma.com\\\/ca\\\/empresa\\\/codi-etic\\\/#breadcrumb\",\"itemListElement\":[{\"@type\":\"ListItem\",\"position\":1,\"name\":\"Portada\",\"item\":\"https:\\\/\\\/tecno-spuma.com\\\/ca\\\/\"},{\"@type\":\"ListItem\",\"position\":2,\"name\":\"Empresa\",\"item\":\"https:\\\/\\\/tecno-spuma.com\\\/ca\\\/empresa\\\/\"},{\"@type\":\"ListItem\",\"position\":3,\"name\":\"Codi \u00c8tic\"}]},{\"@type\":\"WebSite\",\"@id\":\"https:\\\/\\\/tecno-spuma.com\\\/ca\\\/#website\",\"url\":\"https:\\\/\\\/tecno-spuma.com\\\/ca\\\/\",\"name\":\"Tecno-Spuma\",\"description\":\"\",\"potentialAction\":[{\"@type\":\"SearchAction\",\"target\":{\"@type\":\"EntryPoint\",\"urlTemplate\":\"https:\\\/\\\/tecno-spuma.com\\\/ca\\\/?s={search_term_string}\"},\"query-input\":{\"@type\":\"PropertyValueSpecification\",\"valueRequired\":true,\"valueName\":\"search_term_string\"}}],\"inLanguage\":\"ca\"}]}<\/script>\n<!-- \/ Yoast SEO plugin. -->","yoast_head_json":{"title":"Codi \u00c8tic - Tecno-Spuma","description":"El Codi \u00c8tic de Tecno Spuma recull les pautes i conductes essencials que guien les seves accions, separades en missi\u00f3, visi\u00f3 i valors.","robots":{"index":"index","follow":"follow","max-snippet":"max-snippet:-1","max-image-preview":"max-image-preview:large","max-video-preview":"max-video-preview:-1"},"canonical":"https:\/\/tecno-spuma.com\/ca\/empresa\/codi-etic\/","og_locale":"ca_ES","og_type":"article","og_title":"Codi \u00c8tic - Tecno-Spuma","og_description":"El Codi \u00c8tic de Tecno Spuma recull les pautes i conductes essencials que guien les seves accions, separades en missi\u00f3, visi\u00f3 i valors.","og_url":"https:\/\/tecno-spuma.com\/ca\/empresa\/codi-etic\/","og_site_name":"Tecno-Spuma","article_modified_time":"2024-07-13T17:39:22+00:00","twitter_card":"summary_large_image","twitter_misc":{"Temps estimat de lectura":"3 minuts"},"schema":{"@context":"https:\/\/schema.org","@graph":[{"@type":"WebPage","@id":"https:\/\/tecno-spuma.com\/ca\/empresa\/codi-etic\/","url":"https:\/\/tecno-spuma.com\/ca\/empresa\/codi-etic\/","name":"Codi \u00c8tic - Tecno-Spuma","isPartOf":{"@id":"https:\/\/tecno-spuma.com\/ca\/#website"},"datePublished":"2017-06-04T21:01:42+00:00","dateModified":"2024-07-13T17:39:22+00:00","description":"El Codi \u00c8tic de Tecno Spuma recull les pautes i conductes essencials que guien les seves accions, separades en missi\u00f3, visi\u00f3 i valors.","breadcrumb":{"@id":"https:\/\/tecno-spuma.com\/ca\/empresa\/codi-etic\/#breadcrumb"},"inLanguage":"ca","potentialAction":[{"@type":"ReadAction","target":["https:\/\/tecno-spuma.com\/ca\/empresa\/codi-etic\/"]}]},{"@type":"BreadcrumbList","@id":"https:\/\/tecno-spuma.com\/ca\/empresa\/codi-etic\/#breadcrumb","itemListElement":[{"@type":"ListItem","position":1,"name":"Portada","item":"https:\/\/tecno-spuma.com\/ca\/"},{"@type":"ListItem","position":2,"name":"Empresa","item":"https:\/\/tecno-spuma.com\/ca\/empresa\/"},{"@type":"ListItem","position":3,"name":"Codi \u00c8tic"}]},{"@type":"WebSite","@id":"https:\/\/tecno-spuma.com\/ca\/#website","url":"https:\/\/tecno-spuma.com\/ca\/","name":"Tecno-Spuma","description":"","potentialAction":[{"@type":"SearchAction","target":{"@type":"EntryPoint","urlTemplate":"https:\/\/tecno-spuma.com\/ca\/?s={search_term_string}"},"query-input":{"@type":"PropertyValueSpecification","valueRequired":true,"valueName":"search_term_string"}}],"inLanguage":"ca"}]}},"_links":{"self":[{"href":"https:\/\/tecno-spuma.com\/ca\/wp-json\/wp\/v2\/pages\/4875","targetHints":{"allow":["GET"]}}],"collection":[{"href":"https:\/\/tecno-spuma.com\/ca\/wp-json\/wp\/v2\/pages"}],"about":[{"href":"https:\/\/tecno-spuma.com\/ca\/wp-json\/wp\/v2\/types\/page"}],"author":[{"embeddable":true,"href":"https:\/\/tecno-spuma.com\/ca\/wp-json\/wp\/v2\/users\/1"}],"replies":[{"embeddable":true,"href":"https:\/\/tecno-spuma.com\/ca\/wp-json\/wp\/v2\/comments?post=4875"}],"version-history":[{"count":0,"href":"https:\/\/tecno-spuma.com\/ca\/wp-json\/wp\/v2\/pages\/4875\/revisions"}],"up":[{"embeddable":true,"href":"https:\/\/tecno-spuma.com\/ca\/wp-json\/wp\/v2\/pages\/1336"}],"wp:attachment":[{"href":"https:\/\/tecno-spuma.com\/ca\/wp-json\/wp\/v2\/media?parent=4875"}],"curies":[{"name":"wp","href":"https:\/\/api.w.org\/{rel}","templated":true}]}}