{"id":8217,"date":"2023-11-28T15:15:41","date_gmt":"2023-11-28T14:15:41","guid":{"rendered":"https:\/\/tecno-spuma.com\/?page_id=8217"},"modified":"2023-12-11T00:26:36","modified_gmt":"2023-12-10T23:26:36","slug":"canal-etic","status":"publish","type":"page","link":"https:\/\/tecno-spuma.com\/ca\/empresa\/canal-etic\/","title":{"rendered":"Canal \u00c8tic"},"content":{"rendered":"","protected":false},"excerpt":{"rendered":"","protected":false},"author":1,"featured_media":0,"parent":1336,"menu_order":5,"comment_status":"closed","ping_status":"closed","template":"page-empresa.php","meta":{"_acf_changed":false,"footnotes":""},"class_list":["post-8217","page","type-page","status-publish","hentry"],"acf":[],"yoast_head":"<!-- This site is optimized with the Yoast SEO plugin v27.4 - https:\/\/yoast.com\/product\/yoast-seo-wordpress\/ -->\n<title>Canal \u00c8tic - Tecno-Spuma<\/title>\n<meta name=\"description\" content=\"Canal de comunicaci\u00f3 de den\u00fancies, en un context laboral o professional, per informar de possibles infraccions per part de l&#039;empresa.\" \/>\n<meta name=\"robots\" content=\"index, follow, max-snippet:-1, max-image-preview:large, max-video-preview:-1\" \/>\n<link rel=\"canonical\" href=\"https:\/\/tecno-spuma.com\/ca\/empresa\/canal-etic\/\" \/>\n<meta property=\"og:locale\" content=\"ca_ES\" \/>\n<meta property=\"og:type\" content=\"article\" \/>\n<meta property=\"og:title\" content=\"Canal \u00c8tic - Tecno-Spuma\" \/>\n<meta property=\"og:description\" content=\"Canal de comunicaci\u00f3 de den\u00fancies, en un context laboral o professional, per informar de possibles infraccions per part de l&#039;empresa.\" \/>\n<meta property=\"og:url\" content=\"https:\/\/tecno-spuma.com\/ca\/empresa\/canal-etic\/\" \/>\n<meta property=\"og:site_name\" content=\"Tecno-Spuma\" \/>\n<meta property=\"article:modified_time\" content=\"2023-12-10T23:26:36+00:00\" \/>\n<meta name=\"twitter:card\" content=\"summary_large_image\" \/>\n<script type=\"application\/ld+json\" class=\"yoast-schema-graph\">{\"@context\":\"https:\\\/\\\/schema.org\",\"@graph\":[{\"@type\":\"WebPage\",\"@id\":\"https:\\\/\\\/tecno-spuma.com\\\/ca\\\/empresa\\\/canal-etic\\\/\",\"url\":\"https:\\\/\\\/tecno-spuma.com\\\/ca\\\/empresa\\\/canal-etic\\\/\",\"name\":\"Canal \u00c8tic - Tecno-Spuma\",\"isPartOf\":{\"@id\":\"https:\\\/\\\/tecno-spuma.com\\\/ca\\\/#website\"},\"datePublished\":\"2023-11-28T14:15:41+00:00\",\"dateModified\":\"2023-12-10T23:26:36+00:00\",\"description\":\"Canal de comunicaci\u00f3 de den\u00fancies, en un context laboral o professional, per informar de possibles infraccions per part de l'empresa.\",\"breadcrumb\":{\"@id\":\"https:\\\/\\\/tecno-spuma.com\\\/ca\\\/empresa\\\/canal-etic\\\/#breadcrumb\"},\"inLanguage\":\"ca\",\"potentialAction\":[{\"@type\":\"ReadAction\",\"target\":[\"https:\\\/\\\/tecno-spuma.com\\\/ca\\\/empresa\\\/canal-etic\\\/\"]}]},{\"@type\":\"BreadcrumbList\",\"@id\":\"https:\\\/\\\/tecno-spuma.com\\\/ca\\\/empresa\\\/canal-etic\\\/#breadcrumb\",\"itemListElement\":[{\"@type\":\"ListItem\",\"position\":1,\"name\":\"Portada\",\"item\":\"https:\\\/\\\/tecno-spuma.com\\\/ca\\\/\"},{\"@type\":\"ListItem\",\"position\":2,\"name\":\"Empresa\",\"item\":\"https:\\\/\\\/tecno-spuma.com\\\/ca\\\/empresa\\\/\"},{\"@type\":\"ListItem\",\"position\":3,\"name\":\"Canal \u00c8tic\"}]},{\"@type\":\"WebSite\",\"@id\":\"https:\\\/\\\/tecno-spuma.com\\\/ca\\\/#website\",\"url\":\"https:\\\/\\\/tecno-spuma.com\\\/ca\\\/\",\"name\":\"Tecno-Spuma\",\"description\":\"\",\"potentialAction\":[{\"@type\":\"SearchAction\",\"target\":{\"@type\":\"EntryPoint\",\"urlTemplate\":\"https:\\\/\\\/tecno-spuma.com\\\/ca\\\/?s={search_term_string}\"},\"query-input\":{\"@type\":\"PropertyValueSpecification\",\"valueRequired\":true,\"valueName\":\"search_term_string\"}}],\"inLanguage\":\"ca\"}]}<\/script>\n<!-- \/ Yoast SEO plugin. -->","yoast_head_json":{"title":"Canal \u00c8tic - Tecno-Spuma","description":"Canal de comunicaci\u00f3 de den\u00fancies, en un context laboral o professional, per informar de possibles infraccions per part de l'empresa.","robots":{"index":"index","follow":"follow","max-snippet":"max-snippet:-1","max-image-preview":"max-image-preview:large","max-video-preview":"max-video-preview:-1"},"canonical":"https:\/\/tecno-spuma.com\/ca\/empresa\/canal-etic\/","og_locale":"ca_ES","og_type":"article","og_title":"Canal \u00c8tic - Tecno-Spuma","og_description":"Canal de comunicaci\u00f3 de den\u00fancies, en un context laboral o professional, per informar de possibles infraccions per part de l'empresa.","og_url":"https:\/\/tecno-spuma.com\/ca\/empresa\/canal-etic\/","og_site_name":"Tecno-Spuma","article_modified_time":"2023-12-10T23:26:36+00:00","twitter_card":"summary_large_image","schema":{"@context":"https:\/\/schema.org","@graph":[{"@type":"WebPage","@id":"https:\/\/tecno-spuma.com\/ca\/empresa\/canal-etic\/","url":"https:\/\/tecno-spuma.com\/ca\/empresa\/canal-etic\/","name":"Canal \u00c8tic - Tecno-Spuma","isPartOf":{"@id":"https:\/\/tecno-spuma.com\/ca\/#website"},"datePublished":"2023-11-28T14:15:41+00:00","dateModified":"2023-12-10T23:26:36+00:00","description":"Canal de comunicaci\u00f3 de den\u00fancies, en un context laboral o professional, per informar de possibles infraccions per part de l'empresa.","breadcrumb":{"@id":"https:\/\/tecno-spuma.com\/ca\/empresa\/canal-etic\/#breadcrumb"},"inLanguage":"ca","potentialAction":[{"@type":"ReadAction","target":["https:\/\/tecno-spuma.com\/ca\/empresa\/canal-etic\/"]}]},{"@type":"BreadcrumbList","@id":"https:\/\/tecno-spuma.com\/ca\/empresa\/canal-etic\/#breadcrumb","itemListElement":[{"@type":"ListItem","position":1,"name":"Portada","item":"https:\/\/tecno-spuma.com\/ca\/"},{"@type":"ListItem","position":2,"name":"Empresa","item":"https:\/\/tecno-spuma.com\/ca\/empresa\/"},{"@type":"ListItem","position":3,"name":"Canal \u00c8tic"}]},{"@type":"WebSite","@id":"https:\/\/tecno-spuma.com\/ca\/#website","url":"https:\/\/tecno-spuma.com\/ca\/","name":"Tecno-Spuma","description":"","potentialAction":[{"@type":"SearchAction","target":{"@type":"EntryPoint","urlTemplate":"https:\/\/tecno-spuma.com\/ca\/?s={search_term_string}"},"query-input":{"@type":"PropertyValueSpecification","valueRequired":true,"valueName":"search_term_string"}}],"inLanguage":"ca"}]}},"_links":{"self":[{"href":"https:\/\/tecno-spuma.com\/ca\/wp-json\/wp\/v2\/pages\/8217","targetHints":{"allow":["GET"]}}],"collection":[{"href":"https:\/\/tecno-spuma.com\/ca\/wp-json\/wp\/v2\/pages"}],"about":[{"href":"https:\/\/tecno-spuma.com\/ca\/wp-json\/wp\/v2\/types\/page"}],"author":[{"embeddable":true,"href":"https:\/\/tecno-spuma.com\/ca\/wp-json\/wp\/v2\/users\/1"}],"replies":[{"embeddable":true,"href":"https:\/\/tecno-spuma.com\/ca\/wp-json\/wp\/v2\/comments?post=8217"}],"version-history":[{"count":0,"href":"https:\/\/tecno-spuma.com\/ca\/wp-json\/wp\/v2\/pages\/8217\/revisions"}],"up":[{"embeddable":true,"href":"https:\/\/tecno-spuma.com\/ca\/wp-json\/wp\/v2\/pages\/1336"}],"wp:attachment":[{"href":"https:\/\/tecno-spuma.com\/ca\/wp-json\/wp\/v2\/media?parent=8217"}],"curies":[{"name":"wp","href":"https:\/\/api.w.org\/{rel}","templated":true}]}}