{"id":8228,"date":"2023-11-26T00:52:15","date_gmt":"2023-11-25T23:52:15","guid":{"rendered":"https:\/\/tecno-spuma.com\/?page_id=8228"},"modified":"2026-05-05T15:10:22","modified_gmt":"2026-05-05T14:10:22","slug":"formulari-canal-etic","status":"publish","type":"page","link":"https:\/\/tecno-spuma.com\/ca\/empresa\/canal-etic\/formulari-canal-etic\/","title":{"rendered":"Canal \u00e8tic de denuncies"},"content":{"rendered":"<p>&nbsp;<\/p>\n<p><a href=\"https:\/\/tecno-spuma.com\/ca\/empresa\/canal-etic\/\">Canal \u00c8tic &#8211; Tecno Spuma<\/a><\/p>\n<p><a href=\"https:\/\/tecno-spuma.com\/wp-content\/uploads\/2023\/11\/POLITICA-DE-FUNCIONAMIENTO-DEL-CANAL-ETICO-DE-TECNO-SPUMA-S.L_2023.pdf\">Pol\u00edtica de funcionamient del Canal \u00c8tic<\/a><\/p>\n<p><img loading=\"lazy\" decoding=\"async\" class=\"alignnone size-medium wp-image-8157\" src=\"https:\/\/tecno-spuma.com\/wp-content\/uploads\/2023\/11\/hombre_boli-240x300.jpg\" alt=\"\" width=\"240\" height=\"300\" srcset=\"https:\/\/tecno-spuma.com\/wp-content\/uploads\/2023\/11\/hombre_boli-240x300.jpg 240w, https:\/\/tecno-spuma.com\/wp-content\/uploads\/2023\/11\/hombre_boli-819x1024.jpg 819w, https:\/\/tecno-spuma.com\/wp-content\/uploads\/2023\/11\/hombre_boli-768x960.jpg 768w, https:\/\/tecno-spuma.com\/wp-content\/uploads\/2023\/11\/hombre_boli-1229x1536.jpg 1229w, https:\/\/tecno-spuma.com\/wp-content\/uploads\/2023\/11\/hombre_boli-460x575.jpg 460w, https:\/\/tecno-spuma.com\/wp-content\/uploads\/2023\/11\/hombre_boli-708x885.jpg 708w, https:\/\/tecno-spuma.com\/wp-content\/uploads\/2023\/11\/hombre_boli.jpg 1638w\" sizes=\"auto, (max-width: 240px) 100vw, 240px\" \/><\/p>\n","protected":false},"excerpt":{"rendered":"<p>&nbsp; Canal \u00c8tic &#8211; Tecno Spuma Pol\u00edtica de funcionamient del Canal \u00c8tic<\/p>\n","protected":false},"author":1,"featured_media":0,"parent":8217,"menu_order":2,"comment_status":"closed","ping_status":"closed","template":"page-contacto.php","meta":{"_acf_changed":false,"footnotes":""},"class_list":["post-8228","page","type-page","status-publish","hentry"],"acf":[],"yoast_head":"<!-- This site is optimized with the Yoast SEO plugin v27.4 - https:\/\/yoast.com\/product\/yoast-seo-wordpress\/ -->\n<title>Canal \u00e8tic de denuncies - Tecno-Spuma<\/title>\n<meta name=\"description\" content=\"Formulari del canal \u00e8tic de den\u00fancies a l&#039;entorn empresarial. Garantim la seguretat i confidencialitat de les den\u00fancies realitzades.\" \/>\n<meta name=\"robots\" content=\"index, follow, max-snippet:-1, max-image-preview:large, max-video-preview:-1\" \/>\n<link rel=\"canonical\" href=\"https:\/\/tecno-spuma.com\/ca\/empresa\/canal-etic\/formulari-canal-etic\/\" \/>\n<meta property=\"og:locale\" content=\"ca_ES\" \/>\n<meta property=\"og:type\" content=\"article\" \/>\n<meta property=\"og:title\" content=\"Canal \u00e8tic de denuncies - Tecno-Spuma\" \/>\n<meta property=\"og:description\" content=\"Formulari del canal \u00e8tic de den\u00fancies a l&#039;entorn empresarial. Garantim la seguretat i confidencialitat de les den\u00fancies realitzades.\" \/>\n<meta property=\"og:url\" content=\"https:\/\/tecno-spuma.com\/ca\/empresa\/canal-etic\/formulari-canal-etic\/\" \/>\n<meta property=\"og:site_name\" content=\"Tecno-Spuma\" \/>\n<meta property=\"article:modified_time\" content=\"2026-05-05T14:10:22+00:00\" \/>\n<meta property=\"og:image\" content=\"https:\/\/tecno-spuma.com\/wp-content\/uploads\/2023\/11\/hombre_boli.jpg\" \/>\n\t<meta property=\"og:image:width\" content=\"1638\" \/>\n\t<meta property=\"og:image:height\" content=\"2048\" \/>\n\t<meta property=\"og:image:type\" content=\"image\/jpeg\" \/>\n<meta name=\"twitter:card\" content=\"summary_large_image\" \/>\n<meta name=\"twitter:label1\" content=\"Temps estimat de lectura\" \/>\n\t<meta name=\"twitter:data1\" content=\"1 minut\" \/>\n<script type=\"application\/ld+json\" class=\"yoast-schema-graph\">{\"@context\":\"https:\\\/\\\/schema.org\",\"@graph\":[{\"@type\":\"WebPage\",\"@id\":\"https:\\\/\\\/tecno-spuma.com\\\/ca\\\/empresa\\\/canal-etic\\\/formulari-canal-etic\\\/\",\"url\":\"https:\\\/\\\/tecno-spuma.com\\\/ca\\\/empresa\\\/canal-etic\\\/formulari-canal-etic\\\/\",\"name\":\"Canal \u00e8tic de denuncies - Tecno-Spuma\",\"isPartOf\":{\"@id\":\"https:\\\/\\\/tecno-spuma.com\\\/ca\\\/#website\"},\"primaryImageOfPage\":{\"@id\":\"https:\\\/\\\/tecno-spuma.com\\\/ca\\\/empresa\\\/canal-etic\\\/formulari-canal-etic\\\/#primaryimage\"},\"image\":{\"@id\":\"https:\\\/\\\/tecno-spuma.com\\\/ca\\\/empresa\\\/canal-etic\\\/formulari-canal-etic\\\/#primaryimage\"},\"thumbnailUrl\":\"https:\\\/\\\/tecno-spuma.com\\\/wp-content\\\/uploads\\\/2023\\\/11\\\/hombre_boli-240x300.jpg\",\"datePublished\":\"2023-11-25T23:52:15+00:00\",\"dateModified\":\"2026-05-05T14:10:22+00:00\",\"description\":\"Formulari del canal \u00e8tic de den\u00fancies a l'entorn empresarial. Garantim la seguretat i confidencialitat de les den\u00fancies realitzades.\",\"breadcrumb\":{\"@id\":\"https:\\\/\\\/tecno-spuma.com\\\/ca\\\/empresa\\\/canal-etic\\\/formulari-canal-etic\\\/#breadcrumb\"},\"inLanguage\":\"ca\",\"potentialAction\":[{\"@type\":\"ReadAction\",\"target\":[\"https:\\\/\\\/tecno-spuma.com\\\/ca\\\/empresa\\\/canal-etic\\\/formulari-canal-etic\\\/\"]}]},{\"@type\":\"ImageObject\",\"inLanguage\":\"ca\",\"@id\":\"https:\\\/\\\/tecno-spuma.com\\\/ca\\\/empresa\\\/canal-etic\\\/formulari-canal-etic\\\/#primaryimage\",\"url\":\"https:\\\/\\\/tecno-spuma.com\\\/wp-content\\\/uploads\\\/2023\\\/11\\\/hombre_boli-240x300.jpg\",\"contentUrl\":\"https:\\\/\\\/tecno-spuma.com\\\/wp-content\\\/uploads\\\/2023\\\/11\\\/hombre_boli-240x300.jpg\"},{\"@type\":\"BreadcrumbList\",\"@id\":\"https:\\\/\\\/tecno-spuma.com\\\/ca\\\/empresa\\\/canal-etic\\\/formulari-canal-etic\\\/#breadcrumb\",\"itemListElement\":[{\"@type\":\"ListItem\",\"position\":1,\"name\":\"Portada\",\"item\":\"https:\\\/\\\/tecno-spuma.com\\\/ca\\\/\"},{\"@type\":\"ListItem\",\"position\":2,\"name\":\"Empresa\",\"item\":\"https:\\\/\\\/tecno-spuma.com\\\/ca\\\/empresa\\\/\"},{\"@type\":\"ListItem\",\"position\":3,\"name\":\"Canal \u00c8tic\",\"item\":\"https:\\\/\\\/tecno-spuma.com\\\/ca\\\/empresa\\\/canal-etic\\\/\"},{\"@type\":\"ListItem\",\"position\":4,\"name\":\"Canal \u00e8tic de denuncies\"}]},{\"@type\":\"WebSite\",\"@id\":\"https:\\\/\\\/tecno-spuma.com\\\/ca\\\/#website\",\"url\":\"https:\\\/\\\/tecno-spuma.com\\\/ca\\\/\",\"name\":\"Tecno-Spuma\",\"description\":\"\",\"potentialAction\":[{\"@type\":\"SearchAction\",\"target\":{\"@type\":\"EntryPoint\",\"urlTemplate\":\"https:\\\/\\\/tecno-spuma.com\\\/ca\\\/?s={search_term_string}\"},\"query-input\":{\"@type\":\"PropertyValueSpecification\",\"valueRequired\":true,\"valueName\":\"search_term_string\"}}],\"inLanguage\":\"ca\"}]}<\/script>\n<!-- \/ Yoast SEO plugin. -->","yoast_head_json":{"title":"Canal \u00e8tic de denuncies - Tecno-Spuma","description":"Formulari del canal \u00e8tic de den\u00fancies a l'entorn empresarial. Garantim la seguretat i confidencialitat de les den\u00fancies realitzades.","robots":{"index":"index","follow":"follow","max-snippet":"max-snippet:-1","max-image-preview":"max-image-preview:large","max-video-preview":"max-video-preview:-1"},"canonical":"https:\/\/tecno-spuma.com\/ca\/empresa\/canal-etic\/formulari-canal-etic\/","og_locale":"ca_ES","og_type":"article","og_title":"Canal \u00e8tic de denuncies - Tecno-Spuma","og_description":"Formulari del canal \u00e8tic de den\u00fancies a l'entorn empresarial. Garantim la seguretat i confidencialitat de les den\u00fancies realitzades.","og_url":"https:\/\/tecno-spuma.com\/ca\/empresa\/canal-etic\/formulari-canal-etic\/","og_site_name":"Tecno-Spuma","article_modified_time":"2026-05-05T14:10:22+00:00","og_image":[{"width":1638,"height":2048,"url":"https:\/\/tecno-spuma.com\/wp-content\/uploads\/2023\/11\/hombre_boli.jpg","type":"image\/jpeg"}],"twitter_card":"summary_large_image","twitter_misc":{"Temps estimat de lectura":"1 minut"},"schema":{"@context":"https:\/\/schema.org","@graph":[{"@type":"WebPage","@id":"https:\/\/tecno-spuma.com\/ca\/empresa\/canal-etic\/formulari-canal-etic\/","url":"https:\/\/tecno-spuma.com\/ca\/empresa\/canal-etic\/formulari-canal-etic\/","name":"Canal \u00e8tic de denuncies - Tecno-Spuma","isPartOf":{"@id":"https:\/\/tecno-spuma.com\/ca\/#website"},"primaryImageOfPage":{"@id":"https:\/\/tecno-spuma.com\/ca\/empresa\/canal-etic\/formulari-canal-etic\/#primaryimage"},"image":{"@id":"https:\/\/tecno-spuma.com\/ca\/empresa\/canal-etic\/formulari-canal-etic\/#primaryimage"},"thumbnailUrl":"https:\/\/tecno-spuma.com\/wp-content\/uploads\/2023\/11\/hombre_boli-240x300.jpg","datePublished":"2023-11-25T23:52:15+00:00","dateModified":"2026-05-05T14:10:22+00:00","description":"Formulari del canal \u00e8tic de den\u00fancies a l'entorn empresarial. Garantim la seguretat i confidencialitat de les den\u00fancies realitzades.","breadcrumb":{"@id":"https:\/\/tecno-spuma.com\/ca\/empresa\/canal-etic\/formulari-canal-etic\/#breadcrumb"},"inLanguage":"ca","potentialAction":[{"@type":"ReadAction","target":["https:\/\/tecno-spuma.com\/ca\/empresa\/canal-etic\/formulari-canal-etic\/"]}]},{"@type":"ImageObject","inLanguage":"ca","@id":"https:\/\/tecno-spuma.com\/ca\/empresa\/canal-etic\/formulari-canal-etic\/#primaryimage","url":"https:\/\/tecno-spuma.com\/wp-content\/uploads\/2023\/11\/hombre_boli-240x300.jpg","contentUrl":"https:\/\/tecno-spuma.com\/wp-content\/uploads\/2023\/11\/hombre_boli-240x300.jpg"},{"@type":"BreadcrumbList","@id":"https:\/\/tecno-spuma.com\/ca\/empresa\/canal-etic\/formulari-canal-etic\/#breadcrumb","itemListElement":[{"@type":"ListItem","position":1,"name":"Portada","item":"https:\/\/tecno-spuma.com\/ca\/"},{"@type":"ListItem","position":2,"name":"Empresa","item":"https:\/\/tecno-spuma.com\/ca\/empresa\/"},{"@type":"ListItem","position":3,"name":"Canal \u00c8tic","item":"https:\/\/tecno-spuma.com\/ca\/empresa\/canal-etic\/"},{"@type":"ListItem","position":4,"name":"Canal \u00e8tic de denuncies"}]},{"@type":"WebSite","@id":"https:\/\/tecno-spuma.com\/ca\/#website","url":"https:\/\/tecno-spuma.com\/ca\/","name":"Tecno-Spuma","description":"","potentialAction":[{"@type":"SearchAction","target":{"@type":"EntryPoint","urlTemplate":"https:\/\/tecno-spuma.com\/ca\/?s={search_term_string}"},"query-input":{"@type":"PropertyValueSpecification","valueRequired":true,"valueName":"search_term_string"}}],"inLanguage":"ca"}]}},"_links":{"self":[{"href":"https:\/\/tecno-spuma.com\/ca\/wp-json\/wp\/v2\/pages\/8228","targetHints":{"allow":["GET"]}}],"collection":[{"href":"https:\/\/tecno-spuma.com\/ca\/wp-json\/wp\/v2\/pages"}],"about":[{"href":"https:\/\/tecno-spuma.com\/ca\/wp-json\/wp\/v2\/types\/page"}],"author":[{"embeddable":true,"href":"https:\/\/tecno-spuma.com\/ca\/wp-json\/wp\/v2\/users\/1"}],"replies":[{"embeddable":true,"href":"https:\/\/tecno-spuma.com\/ca\/wp-json\/wp\/v2\/comments?post=8228"}],"version-history":[{"count":1,"href":"https:\/\/tecno-spuma.com\/ca\/wp-json\/wp\/v2\/pages\/8228\/revisions"}],"predecessor-version":[{"id":9441,"href":"https:\/\/tecno-spuma.com\/ca\/wp-json\/wp\/v2\/pages\/8228\/revisions\/9441"}],"up":[{"embeddable":true,"href":"https:\/\/tecno-spuma.com\/ca\/wp-json\/wp\/v2\/pages\/8217"}],"wp:attachment":[{"href":"https:\/\/tecno-spuma.com\/ca\/wp-json\/wp\/v2\/media?parent=8228"}],"curies":[{"name":"wp","href":"https:\/\/api.w.org\/{rel}","templated":true}]}}