{"id":4275,"date":"2014-01-02T11:02:32","date_gmt":"2014-01-02T10:02:32","guid":{"rendered":"http:\/\/www.tecno-spuma.es\/de\/certificados\/"},"modified":"2025-10-10T08:47:59","modified_gmt":"2025-10-10T07:47:59","slug":"zertifikate","status":"publish","type":"page","link":"https:\/\/tecno-spuma.com\/de\/zertifikate\/","title":{"rendered":"Zertifikate"},"content":{"rendered":"<p>Die Politik der Bereiche Umweltschutz, Qualit\u00e4t und Risikopr\u00e4vention sind die drei Exzellenzkriterien von <strong>TECNO SPUMA<\/strong>.<\/p>\n<p>Die Aktivit\u00e4t von <strong>TECNO SPUMA<\/strong> steht f\u00fcr hervorragenden Kundenservice und dieses Gleichgewicht bei moderne und wettbewerbsf\u00e4hige Unternehmen w\u00e4re heutzutage ohne diese 3 Kriterien nicht m\u00f6glich.<\/p>\n<p>In diesem Zusammenhang ist es zu betonen, dass <strong>TECNO SPUMA<\/strong> die Zertifizierung <strong>Qualit\u00e4t ISO 9001<\/strong> verf\u00fcgt, die <strong>Umweltmanagementsysteme ISO 14001, <\/strong>und die <a href=\"https:\/\/tecno-spuma.com\/de\/tecno-spuma-erhaelt-erneut-sein-ecovadis-nachhaltigkeitsrating\/\"><strong>Ecovadis<\/strong>-Zertifizierung<\/a> verf\u00fcgt, die sein Engagement f\u00fcr Nachhaltigkeit und soziale Unternehmensverantwortung anerkennt.<strong><br \/>\n<\/strong><\/p>\n","protected":false},"excerpt":{"rendered":"<p>Die Politik der Bereiche Umweltschutz, Qualit\u00e4t und Risikopr\u00e4vention sind die drei Exzellenzkriterien von TECNO SPUMA. Die Aktivit\u00e4t von TECNO SPUMA steht f\u00fcr hervorragenden Kundenservice und dieses Gleichgewicht bei moderne und wettbewerbsf\u00e4hige Unternehmen w\u00e4re heutzutage ohne diese 3 Kriterien nicht m\u00f6glich. In diesem Zusammenhang ist es zu betonen, dass TECNO SPUMA die Zertifizierung Qualit\u00e4t ISO 9001 [&hellip;]<\/p>\n","protected":false},"author":1,"featured_media":0,"parent":0,"menu_order":0,"comment_status":"open","ping_status":"open","template":"page-certificados.php","meta":{"_acf_changed":false,"footnotes":""},"class_list":["post-4275","page","type-page","status-publish","hentry"],"acf":[],"yoast_head":"<!-- This site is optimized with the Yoast SEO plugin v27.4 - https:\/\/yoast.com\/product\/yoast-seo-wordpress\/ -->\n<title>Certificados - espuma t\u00e9cnicas<\/title>\n<meta name=\"description\" content=\"Tecno Spuma was certified ISO 9001 quality management and now also was certified ISO 14001 environmental management systems.\" \/>\n<meta name=\"robots\" content=\"index, follow, max-snippet:-1, max-image-preview:large, max-video-preview:-1\" \/>\n<link rel=\"canonical\" href=\"https:\/\/tecno-spuma.com\/de\/zertifikate\/\" \/>\n<meta property=\"og:locale\" content=\"de_DE\" \/>\n<meta property=\"og:type\" content=\"article\" \/>\n<meta property=\"og:title\" content=\"Certificados - espuma t\u00e9cnicas\" \/>\n<meta property=\"og:description\" content=\"Tecno Spuma was certified ISO 9001 quality management and now also was certified ISO 14001 environmental management systems.\" \/>\n<meta property=\"og:url\" content=\"https:\/\/tecno-spuma.com\/de\/zertifikate\/\" \/>\n<meta property=\"og:site_name\" content=\"Tecno-Spuma\" \/>\n<meta property=\"article:modified_time\" content=\"2025-10-10T07:47:59+00:00\" \/>\n<meta name=\"twitter:card\" content=\"summary_large_image\" \/>\n<meta name=\"twitter:label1\" content=\"Gesch\u00e4tzte Lesezeit\" \/>\n\t<meta name=\"twitter:data1\" content=\"1\u00a0Minute\" \/>\n<script type=\"application\/ld+json\" class=\"yoast-schema-graph\">{\"@context\":\"https:\\\/\\\/schema.org\",\"@graph\":[{\"@type\":\"WebPage\",\"@id\":\"https:\\\/\\\/tecno-spuma.com\\\/de\\\/zertifikate\\\/\",\"url\":\"https:\\\/\\\/tecno-spuma.com\\\/de\\\/zertifikate\\\/\",\"name\":\"Certificados - espuma t\u00e9cnicas\",\"isPartOf\":{\"@id\":\"https:\\\/\\\/tecno-spuma.com\\\/de\\\/#website\"},\"datePublished\":\"2014-01-02T10:02:32+00:00\",\"dateModified\":\"2025-10-10T07:47:59+00:00\",\"description\":\"Tecno Spuma was certified ISO 9001 quality management and now also was certified ISO 14001 environmental management systems.\",\"breadcrumb\":{\"@id\":\"https:\\\/\\\/tecno-spuma.com\\\/de\\\/zertifikate\\\/#breadcrumb\"},\"inLanguage\":\"de\",\"potentialAction\":[{\"@type\":\"ReadAction\",\"target\":[\"https:\\\/\\\/tecno-spuma.com\\\/de\\\/zertifikate\\\/\"]}]},{\"@type\":\"BreadcrumbList\",\"@id\":\"https:\\\/\\\/tecno-spuma.com\\\/de\\\/zertifikate\\\/#breadcrumb\",\"itemListElement\":[{\"@type\":\"ListItem\",\"position\":1,\"name\":\"Portada\",\"item\":\"https:\\\/\\\/tecno-spuma.com\\\/de\\\/\"},{\"@type\":\"ListItem\",\"position\":2,\"name\":\"Zertifikate\"}]},{\"@type\":\"WebSite\",\"@id\":\"https:\\\/\\\/tecno-spuma.com\\\/de\\\/#website\",\"url\":\"https:\\\/\\\/tecno-spuma.com\\\/de\\\/\",\"name\":\"Tecno-Spuma\",\"description\":\"\",\"potentialAction\":[{\"@type\":\"SearchAction\",\"target\":{\"@type\":\"EntryPoint\",\"urlTemplate\":\"https:\\\/\\\/tecno-spuma.com\\\/de\\\/?s={search_term_string}\"},\"query-input\":{\"@type\":\"PropertyValueSpecification\",\"valueRequired\":true,\"valueName\":\"search_term_string\"}}],\"inLanguage\":\"de\"}]}<\/script>\n<!-- \/ Yoast SEO plugin. -->","yoast_head_json":{"title":"Certificados - espuma t\u00e9cnicas","description":"Tecno Spuma was certified ISO 9001 quality management and now also was certified ISO 14001 environmental management systems.","robots":{"index":"index","follow":"follow","max-snippet":"max-snippet:-1","max-image-preview":"max-image-preview:large","max-video-preview":"max-video-preview:-1"},"canonical":"https:\/\/tecno-spuma.com\/de\/zertifikate\/","og_locale":"de_DE","og_type":"article","og_title":"Certificados - espuma t\u00e9cnicas","og_description":"Tecno Spuma was certified ISO 9001 quality management and now also was certified ISO 14001 environmental management systems.","og_url":"https:\/\/tecno-spuma.com\/de\/zertifikate\/","og_site_name":"Tecno-Spuma","article_modified_time":"2025-10-10T07:47:59+00:00","twitter_card":"summary_large_image","twitter_misc":{"Gesch\u00e4tzte Lesezeit":"1\u00a0Minute"},"schema":{"@context":"https:\/\/schema.org","@graph":[{"@type":"WebPage","@id":"https:\/\/tecno-spuma.com\/de\/zertifikate\/","url":"https:\/\/tecno-spuma.com\/de\/zertifikate\/","name":"Certificados - espuma t\u00e9cnicas","isPartOf":{"@id":"https:\/\/tecno-spuma.com\/de\/#website"},"datePublished":"2014-01-02T10:02:32+00:00","dateModified":"2025-10-10T07:47:59+00:00","description":"Tecno Spuma was certified ISO 9001 quality management and now also was certified ISO 14001 environmental management systems.","breadcrumb":{"@id":"https:\/\/tecno-spuma.com\/de\/zertifikate\/#breadcrumb"},"inLanguage":"de","potentialAction":[{"@type":"ReadAction","target":["https:\/\/tecno-spuma.com\/de\/zertifikate\/"]}]},{"@type":"BreadcrumbList","@id":"https:\/\/tecno-spuma.com\/de\/zertifikate\/#breadcrumb","itemListElement":[{"@type":"ListItem","position":1,"name":"Portada","item":"https:\/\/tecno-spuma.com\/de\/"},{"@type":"ListItem","position":2,"name":"Zertifikate"}]},{"@type":"WebSite","@id":"https:\/\/tecno-spuma.com\/de\/#website","url":"https:\/\/tecno-spuma.com\/de\/","name":"Tecno-Spuma","description":"","potentialAction":[{"@type":"SearchAction","target":{"@type":"EntryPoint","urlTemplate":"https:\/\/tecno-spuma.com\/de\/?s={search_term_string}"},"query-input":{"@type":"PropertyValueSpecification","valueRequired":true,"valueName":"search_term_string"}}],"inLanguage":"de"}]}},"_links":{"self":[{"href":"https:\/\/tecno-spuma.com\/de\/wp-json\/wp\/v2\/pages\/4275","targetHints":{"allow":["GET"]}}],"collection":[{"href":"https:\/\/tecno-spuma.com\/de\/wp-json\/wp\/v2\/pages"}],"about":[{"href":"https:\/\/tecno-spuma.com\/de\/wp-json\/wp\/v2\/types\/page"}],"author":[{"embeddable":true,"href":"https:\/\/tecno-spuma.com\/de\/wp-json\/wp\/v2\/users\/1"}],"replies":[{"embeddable":true,"href":"https:\/\/tecno-spuma.com\/de\/wp-json\/wp\/v2\/comments?post=4275"}],"version-history":[{"count":2,"href":"https:\/\/tecno-spuma.com\/de\/wp-json\/wp\/v2\/pages\/4275\/revisions"}],"predecessor-version":[{"id":9355,"href":"https:\/\/tecno-spuma.com\/de\/wp-json\/wp\/v2\/pages\/4275\/revisions\/9355"}],"wp:attachment":[{"href":"https:\/\/tecno-spuma.com\/de\/wp-json\/wp\/v2\/media?parent=4275"}],"curies":[{"name":"wp","href":"https:\/\/api.w.org\/{rel}","templated":true}]}}