{"id":1345,"date":"2013-09-15T11:42:47","date_gmt":"2013-09-15T10:42:47","guid":{"rendered":"http:\/\/www.tecno-spuma.es\/?page_id=1345"},"modified":"2024-09-20T11:58:17","modified_gmt":"2024-09-20T10:58:17","slug":"home-3","status":"publish","type":"page","link":"https:\/\/tecno-spuma.com\/en\/","title":{"rendered":"Home"},"content":{"rendered":"","protected":false},"excerpt":{"rendered":"","protected":false},"author":1,"featured_media":0,"parent":0,"menu_order":0,"comment_status":"open","ping_status":"closed","template":"page-home.php","meta":{"_acf_changed":false,"footnotes":""},"class_list":["post-1345","page","type-page","status-publish","hentry"],"acf":[],"yoast_head":"<!-- This site is optimized with the Yoast SEO plugin v27.4 - https:\/\/yoast.com\/product\/yoast-seo-wordpress\/ -->\n<title>Tecno Spuma : espumas t\u00e9cnicas, fieltros, elast\u00f3meros y autoadhesivos<\/title>\n<meta name=\"description\" content=\"Tecno-Spuma dispone de un amplio cat\u00e1logo de productos de \u00faltima generaci\u00f3n, para la ac\u00fastica industrial, aislamiento, absorci\u00f3n y aislamiento t\u00e9rmico.\" \/>\n<meta name=\"robots\" content=\"index, follow, max-snippet:-1, max-image-preview:large, max-video-preview:-1\" \/>\n<link rel=\"canonical\" href=\"https:\/\/tecno-spuma.com\/en\/\" \/>\n<meta property=\"og:locale\" content=\"en_US\" \/>\n<meta property=\"og:type\" content=\"article\" \/>\n<meta property=\"og:title\" content=\"Tecno Spuma : espumas t\u00e9cnicas, fieltros, elast\u00f3meros y autoadhesivos\" \/>\n<meta property=\"og:description\" content=\"Tecno-Spuma dispone de un amplio cat\u00e1logo de productos de \u00faltima generaci\u00f3n, para la ac\u00fastica industrial, aislamiento, absorci\u00f3n y aislamiento t\u00e9rmico.\" \/>\n<meta property=\"og:url\" content=\"https:\/\/tecno-spuma.com\/en\/\" \/>\n<meta property=\"og:site_name\" content=\"Tecno-Spuma\" \/>\n<meta property=\"article:modified_time\" content=\"2024-09-20T10:58:17+00:00\" \/>\n<meta name=\"twitter:card\" content=\"summary_large_image\" \/>\n<meta name=\"twitter:label1\" content=\"Est. reading time\" \/>\n\t<meta name=\"twitter:data1\" content=\"3 minutes\" \/>\n<script type=\"application\/ld+json\" class=\"yoast-schema-graph\">{\"@context\":\"https:\\\/\\\/schema.org\",\"@graph\":[{\"@type\":\"WebPage\",\"@id\":\"https:\\\/\\\/tecno-spuma.com\\\/en\\\/\",\"url\":\"https:\\\/\\\/tecno-spuma.com\\\/en\\\/\",\"name\":\"Tecno Spuma : espumas t\u00e9cnicas, fieltros, elast\u00f3meros y autoadhesivos\",\"isPartOf\":{\"@id\":\"https:\\\/\\\/tecno-spuma.com\\\/en\\\/#website\"},\"datePublished\":\"2013-09-15T10:42:47+00:00\",\"dateModified\":\"2024-09-20T10:58:17+00:00\",\"description\":\"Tecno-Spuma dispone de un amplio cat\u00e1logo de productos de \u00faltima generaci\u00f3n, para la ac\u00fastica industrial, aislamiento, absorci\u00f3n y aislamiento t\u00e9rmico.\",\"breadcrumb\":{\"@id\":\"https:\\\/\\\/tecno-spuma.com\\\/en\\\/#breadcrumb\"},\"inLanguage\":\"en-US\",\"potentialAction\":[{\"@type\":\"ReadAction\",\"target\":[\"https:\\\/\\\/tecno-spuma.com\\\/en\\\/\"]}]},{\"@type\":\"BreadcrumbList\",\"@id\":\"https:\\\/\\\/tecno-spuma.com\\\/en\\\/#breadcrumb\",\"itemListElement\":[{\"@type\":\"ListItem\",\"position\":1,\"name\":\"Portada\",\"item\":\"https:\\\/\\\/tecno-spuma.com\\\/en\\\/\"},{\"@type\":\"ListItem\",\"position\":2,\"name\":\"Home\"}]},{\"@type\":\"WebSite\",\"@id\":\"https:\\\/\\\/tecno-spuma.com\\\/en\\\/#website\",\"url\":\"https:\\\/\\\/tecno-spuma.com\\\/en\\\/\",\"name\":\"Tecno-Spuma\",\"description\":\"\",\"potentialAction\":[{\"@type\":\"SearchAction\",\"target\":{\"@type\":\"EntryPoint\",\"urlTemplate\":\"https:\\\/\\\/tecno-spuma.com\\\/en\\\/?s={search_term_string}\"},\"query-input\":{\"@type\":\"PropertyValueSpecification\",\"valueRequired\":true,\"valueName\":\"search_term_string\"}}],\"inLanguage\":\"en-US\"}]}<\/script>\n<!-- \/ Yoast SEO plugin. -->","yoast_head_json":{"title":"Tecno Spuma : espumas t\u00e9cnicas, fieltros, elast\u00f3meros y autoadhesivos","description":"Tecno-Spuma dispone de un amplio cat\u00e1logo de productos de \u00faltima generaci\u00f3n, para la ac\u00fastica industrial, aislamiento, absorci\u00f3n y aislamiento t\u00e9rmico.","robots":{"index":"index","follow":"follow","max-snippet":"max-snippet:-1","max-image-preview":"max-image-preview:large","max-video-preview":"max-video-preview:-1"},"canonical":"https:\/\/tecno-spuma.com\/en\/","og_locale":"en_US","og_type":"article","og_title":"Tecno Spuma : espumas t\u00e9cnicas, fieltros, elast\u00f3meros y autoadhesivos","og_description":"Tecno-Spuma dispone de un amplio cat\u00e1logo de productos de \u00faltima generaci\u00f3n, para la ac\u00fastica industrial, aislamiento, absorci\u00f3n y aislamiento t\u00e9rmico.","og_url":"https:\/\/tecno-spuma.com\/en\/","og_site_name":"Tecno-Spuma","article_modified_time":"2024-09-20T10:58:17+00:00","twitter_card":"summary_large_image","twitter_misc":{"Est. reading time":"3 minutes"},"schema":{"@context":"https:\/\/schema.org","@graph":[{"@type":"WebPage","@id":"https:\/\/tecno-spuma.com\/en\/","url":"https:\/\/tecno-spuma.com\/en\/","name":"Tecno Spuma : espumas t\u00e9cnicas, fieltros, elast\u00f3meros y autoadhesivos","isPartOf":{"@id":"https:\/\/tecno-spuma.com\/en\/#website"},"datePublished":"2013-09-15T10:42:47+00:00","dateModified":"2024-09-20T10:58:17+00:00","description":"Tecno-Spuma dispone de un amplio cat\u00e1logo de productos de \u00faltima generaci\u00f3n, para la ac\u00fastica industrial, aislamiento, absorci\u00f3n y aislamiento t\u00e9rmico.","breadcrumb":{"@id":"https:\/\/tecno-spuma.com\/en\/#breadcrumb"},"inLanguage":"en-US","potentialAction":[{"@type":"ReadAction","target":["https:\/\/tecno-spuma.com\/en\/"]}]},{"@type":"BreadcrumbList","@id":"https:\/\/tecno-spuma.com\/en\/#breadcrumb","itemListElement":[{"@type":"ListItem","position":1,"name":"Portada","item":"https:\/\/tecno-spuma.com\/en\/"},{"@type":"ListItem","position":2,"name":"Home"}]},{"@type":"WebSite","@id":"https:\/\/tecno-spuma.com\/en\/#website","url":"https:\/\/tecno-spuma.com\/en\/","name":"Tecno-Spuma","description":"","potentialAction":[{"@type":"SearchAction","target":{"@type":"EntryPoint","urlTemplate":"https:\/\/tecno-spuma.com\/en\/?s={search_term_string}"},"query-input":{"@type":"PropertyValueSpecification","valueRequired":true,"valueName":"search_term_string"}}],"inLanguage":"en-US"}]}},"_links":{"self":[{"href":"https:\/\/tecno-spuma.com\/en\/wp-json\/wp\/v2\/pages\/1345","targetHints":{"allow":["GET"]}}],"collection":[{"href":"https:\/\/tecno-spuma.com\/en\/wp-json\/wp\/v2\/pages"}],"about":[{"href":"https:\/\/tecno-spuma.com\/en\/wp-json\/wp\/v2\/types\/page"}],"author":[{"embeddable":true,"href":"https:\/\/tecno-spuma.com\/en\/wp-json\/wp\/v2\/users\/1"}],"replies":[{"embeddable":true,"href":"https:\/\/tecno-spuma.com\/en\/wp-json\/wp\/v2\/comments?post=1345"}],"version-history":[{"count":0,"href":"https:\/\/tecno-spuma.com\/en\/wp-json\/wp\/v2\/pages\/1345\/revisions"}],"wp:attachment":[{"href":"https:\/\/tecno-spuma.com\/en\/wp-json\/wp\/v2\/media?parent=1345"}],"curies":[{"name":"wp","href":"https:\/\/api.w.org\/{rel}","templated":true}]}}