{"id":1362,"date":"2014-01-02T11:02:32","date_gmt":"2014-01-02T10:02:32","guid":{"rendered":"http:\/\/www.tecno-spuma.es\/?page_id=1362"},"modified":"2025-10-10T08:45:28","modified_gmt":"2025-10-10T07:45:28","slug":"certificats","status":"publish","type":"page","link":"https:\/\/tecno-spuma.com\/fr\/certificats\/","title":{"rendered":"Certificats"},"content":{"rendered":"<p><strong>Tecno Spuma<\/strong> applique des normes d&rsquo;excellence dans trois domaines sp\u00e9cifiques, tels que les politiques relatives \u00e0 l&rsquo;environnement, la qualit\u00e9 et la pr\u00e9vention des accidents du travail.<\/p>\n<p>L\u2019activit\u00e9 de <strong>Tecno Spuma<\/strong> est consolid\u00e9e par un service de qualit\u00e9 offert \u00e0 ses clients, et bas\u00e9e sur les 3 crit\u00e8res cit\u00e9s pr\u00e9c\u00e9demment, indispensable \u00e0 toute soci\u00e9t\u00e9 dont l\u2019activit\u00e9 se d\u00e9finie comme \u00e9tant moderne et comp\u00e9titive.<\/p>\n<p>C\u2019est la raison pour laquelle, <strong>Tecno Spuma<\/strong> est certifi\u00e9e <strong>ISO 9001<\/strong> (pour la qualit\u00e9), <strong>ISO 14001<\/strong> (pour le syst\u00e8mes de management environnemental) et la <a href=\"https:\/\/tecno-spuma.com\/fr\/tecno-spuma-renouvelle-sa-certification-ecovadis\/\">certification <strong>Ecovadis<\/strong><\/a>, qui reconna\u00eet son engagement en mati\u00e8re de durabilit\u00e9 et de responsabilit\u00e9 sociale d&rsquo;entreprise.<\/p>\n","protected":false},"excerpt":{"rendered":"<p>Tecno Spuma applique des normes d&rsquo;excellence dans trois domaines sp\u00e9cifiques, tels que les politiques relatives \u00e0 l&rsquo;environnement, la qualit\u00e9 et la pr\u00e9vention des accidents du travail. L\u2019activit\u00e9 de Tecno Spuma est consolid\u00e9e par un service de qualit\u00e9 offert \u00e0 ses clients, et bas\u00e9e sur les 3 crit\u00e8res cit\u00e9s pr\u00e9c\u00e9demment, indispensable \u00e0 toute soci\u00e9t\u00e9 dont l\u2019activit\u00e9 [&hellip;]<\/p>\n","protected":false},"author":1,"featured_media":0,"parent":0,"menu_order":0,"comment_status":"open","ping_status":"open","template":"page-certificados.php","meta":{"_acf_changed":false,"footnotes":""},"class_list":["post-1362","page","type-page","status-publish","hentry"],"acf":[],"yoast_head":"<!-- This site is optimized with the Yoast SEO plugin v27.4 - https:\/\/yoast.com\/product\/yoast-seo-wordpress\/ -->\n<title>Certificats - Tecno-Spuma<\/title>\n<meta name=\"description\" content=\"Tecno Spuma dispone de las certificaciones de gesti\u00f3n de la calidad ISO 9001 y tambi\u00e9n de la gesti\u00f3n ambiental ISO 14001.\" \/>\n<meta name=\"robots\" content=\"index, follow, max-snippet:-1, max-image-preview:large, max-video-preview:-1\" \/>\n<link rel=\"canonical\" href=\"https:\/\/tecno-spuma.com\/fr\/certificats\/\" \/>\n<meta property=\"og:locale\" content=\"fr_FR\" \/>\n<meta property=\"og:type\" content=\"article\" \/>\n<meta property=\"og:title\" content=\"Certificats - Tecno-Spuma\" \/>\n<meta property=\"og:description\" content=\"Tecno Spuma dispone de las certificaciones de gesti\u00f3n de la calidad ISO 9001 y tambi\u00e9n de la gesti\u00f3n ambiental ISO 14001.\" \/>\n<meta property=\"og:url\" content=\"https:\/\/tecno-spuma.com\/fr\/certificats\/\" \/>\n<meta property=\"og:site_name\" content=\"Tecno-Spuma\" \/>\n<meta property=\"article:modified_time\" content=\"2025-10-10T07:45:28+00:00\" \/>\n<meta name=\"twitter:card\" content=\"summary_large_image\" \/>\n<meta name=\"twitter:label1\" content=\"Dur\u00e9e de lecture estim\u00e9e\" \/>\n\t<meta name=\"twitter:data1\" content=\"1 minute\" \/>\n<script type=\"application\/ld+json\" class=\"yoast-schema-graph\">{\"@context\":\"https:\\\/\\\/schema.org\",\"@graph\":[{\"@type\":\"WebPage\",\"@id\":\"https:\\\/\\\/tecno-spuma.com\\\/fr\\\/certificats\\\/\",\"url\":\"https:\\\/\\\/tecno-spuma.com\\\/fr\\\/certificats\\\/\",\"name\":\"Certificats - Tecno-Spuma\",\"isPartOf\":{\"@id\":\"https:\\\/\\\/tecno-spuma.com\\\/fr\\\/#website\"},\"datePublished\":\"2014-01-02T10:02:32+00:00\",\"dateModified\":\"2025-10-10T07:45:28+00:00\",\"description\":\"Tecno Spuma dispone de las certificaciones de gesti\u00f3n de la calidad ISO 9001 y tambi\u00e9n de la gesti\u00f3n ambiental ISO 14001.\",\"breadcrumb\":{\"@id\":\"https:\\\/\\\/tecno-spuma.com\\\/fr\\\/certificats\\\/#breadcrumb\"},\"inLanguage\":\"fr-FR\",\"potentialAction\":[{\"@type\":\"ReadAction\",\"target\":[\"https:\\\/\\\/tecno-spuma.com\\\/fr\\\/certificats\\\/\"]}]},{\"@type\":\"BreadcrumbList\",\"@id\":\"https:\\\/\\\/tecno-spuma.com\\\/fr\\\/certificats\\\/#breadcrumb\",\"itemListElement\":[{\"@type\":\"ListItem\",\"position\":1,\"name\":\"Portada\",\"item\":\"https:\\\/\\\/tecno-spuma.com\\\/fr\\\/\"},{\"@type\":\"ListItem\",\"position\":2,\"name\":\"Certificats\"}]},{\"@type\":\"WebSite\",\"@id\":\"https:\\\/\\\/tecno-spuma.com\\\/fr\\\/#website\",\"url\":\"https:\\\/\\\/tecno-spuma.com\\\/fr\\\/\",\"name\":\"Tecno-Spuma\",\"description\":\"\",\"potentialAction\":[{\"@type\":\"SearchAction\",\"target\":{\"@type\":\"EntryPoint\",\"urlTemplate\":\"https:\\\/\\\/tecno-spuma.com\\\/fr\\\/?s={search_term_string}\"},\"query-input\":{\"@type\":\"PropertyValueSpecification\",\"valueRequired\":true,\"valueName\":\"search_term_string\"}}],\"inLanguage\":\"fr-FR\"}]}<\/script>\n<!-- \/ Yoast SEO plugin. -->","yoast_head_json":{"title":"Certificats - Tecno-Spuma","description":"Tecno Spuma dispone de las certificaciones de gesti\u00f3n de la calidad ISO 9001 y tambi\u00e9n de la gesti\u00f3n ambiental ISO 14001.","robots":{"index":"index","follow":"follow","max-snippet":"max-snippet:-1","max-image-preview":"max-image-preview:large","max-video-preview":"max-video-preview:-1"},"canonical":"https:\/\/tecno-spuma.com\/fr\/certificats\/","og_locale":"fr_FR","og_type":"article","og_title":"Certificats - Tecno-Spuma","og_description":"Tecno Spuma dispone de las certificaciones de gesti\u00f3n de la calidad ISO 9001 y tambi\u00e9n de la gesti\u00f3n ambiental ISO 14001.","og_url":"https:\/\/tecno-spuma.com\/fr\/certificats\/","og_site_name":"Tecno-Spuma","article_modified_time":"2025-10-10T07:45:28+00:00","twitter_card":"summary_large_image","twitter_misc":{"Dur\u00e9e de lecture estim\u00e9e":"1 minute"},"schema":{"@context":"https:\/\/schema.org","@graph":[{"@type":"WebPage","@id":"https:\/\/tecno-spuma.com\/fr\/certificats\/","url":"https:\/\/tecno-spuma.com\/fr\/certificats\/","name":"Certificats - Tecno-Spuma","isPartOf":{"@id":"https:\/\/tecno-spuma.com\/fr\/#website"},"datePublished":"2014-01-02T10:02:32+00:00","dateModified":"2025-10-10T07:45:28+00:00","description":"Tecno Spuma dispone de las certificaciones de gesti\u00f3n de la calidad ISO 9001 y tambi\u00e9n de la gesti\u00f3n ambiental ISO 14001.","breadcrumb":{"@id":"https:\/\/tecno-spuma.com\/fr\/certificats\/#breadcrumb"},"inLanguage":"fr-FR","potentialAction":[{"@type":"ReadAction","target":["https:\/\/tecno-spuma.com\/fr\/certificats\/"]}]},{"@type":"BreadcrumbList","@id":"https:\/\/tecno-spuma.com\/fr\/certificats\/#breadcrumb","itemListElement":[{"@type":"ListItem","position":1,"name":"Portada","item":"https:\/\/tecno-spuma.com\/fr\/"},{"@type":"ListItem","position":2,"name":"Certificats"}]},{"@type":"WebSite","@id":"https:\/\/tecno-spuma.com\/fr\/#website","url":"https:\/\/tecno-spuma.com\/fr\/","name":"Tecno-Spuma","description":"","potentialAction":[{"@type":"SearchAction","target":{"@type":"EntryPoint","urlTemplate":"https:\/\/tecno-spuma.com\/fr\/?s={search_term_string}"},"query-input":{"@type":"PropertyValueSpecification","valueRequired":true,"valueName":"search_term_string"}}],"inLanguage":"fr-FR"}]}},"_links":{"self":[{"href":"https:\/\/tecno-spuma.com\/fr\/wp-json\/wp\/v2\/pages\/1362","targetHints":{"allow":["GET"]}}],"collection":[{"href":"https:\/\/tecno-spuma.com\/fr\/wp-json\/wp\/v2\/pages"}],"about":[{"href":"https:\/\/tecno-spuma.com\/fr\/wp-json\/wp\/v2\/types\/page"}],"author":[{"embeddable":true,"href":"https:\/\/tecno-spuma.com\/fr\/wp-json\/wp\/v2\/users\/1"}],"replies":[{"embeddable":true,"href":"https:\/\/tecno-spuma.com\/fr\/wp-json\/wp\/v2\/comments?post=1362"}],"version-history":[{"count":1,"href":"https:\/\/tecno-spuma.com\/fr\/wp-json\/wp\/v2\/pages\/1362\/revisions"}],"predecessor-version":[{"id":9353,"href":"https:\/\/tecno-spuma.com\/fr\/wp-json\/wp\/v2\/pages\/1362\/revisions\/9353"}],"wp:attachment":[{"href":"https:\/\/tecno-spuma.com\/fr\/wp-json\/wp\/v2\/media?parent=1362"}],"curies":[{"name":"wp","href":"https:\/\/api.w.org\/{rel}","templated":true}]}}