{"id":1373,"date":"2014-01-02T12:44:29","date_gmt":"2014-01-02T11:44:29","guid":{"rendered":"http:\/\/www.tecno-spuma.es\/?page_id=1373"},"modified":"2024-12-05T16:06:08","modified_gmt":"2024-12-05T15:06:08","slug":"catalogue-telechargements","status":"publish","type":"page","link":"https:\/\/tecno-spuma.com\/fr\/catalogue-telechargements\/","title":{"rendered":"Catalogue T\u00e9l\u00e9chargements"},"content":{"rendered":"<p>Depuis cette section Tecno Spuma met \u00e0 la disposition des utilisateurs toutes les donn\u00e9es d&rsquo;entreprise et les caract\u00e9ristiques de sa gamme de produits via le t\u00e9l\u00e9chargement de catalogues.<\/p>\n","protected":false},"excerpt":{"rendered":"<p>Depuis cette section Tecno Spuma met \u00e0 la disposition des utilisateurs toutes les donn\u00e9es d&rsquo;entreprise et les caract\u00e9ristiques de sa gamme de produits via le t\u00e9l\u00e9chargement de catalogues.<\/p>\n","protected":false},"author":1,"featured_media":0,"parent":0,"menu_order":0,"comment_status":"open","ping_status":"open","template":"page-catalogos.php","meta":{"_acf_changed":false,"footnotes":""},"class_list":["post-1373","page","type-page","status-publish","hentry"],"acf":[],"yoast_head":"<!-- This site is optimized with the Yoast SEO plugin v27.4 - https:\/\/yoast.com\/product\/yoast-seo-wordpress\/ -->\n<title>Catalogue T\u00e9l\u00e9chargements - Tecno-Spuma<\/title>\n<meta name=\"description\" content=\"T\u00e9l\u00e9chargez les catalogues Tecno Spuma pour diff\u00e9rentes applications. Acc\u00e8s aux informations sur nos mousses techniques et acoustiques.\" \/>\n<meta name=\"robots\" content=\"index, follow, max-snippet:-1, max-image-preview:large, max-video-preview:-1\" \/>\n<link rel=\"canonical\" href=\"https:\/\/tecno-spuma.com\/fr\/catalogue-telechargements\/\" \/>\n<meta property=\"og:locale\" content=\"fr_FR\" \/>\n<meta property=\"og:type\" content=\"article\" \/>\n<meta property=\"og:title\" content=\"Catalogue T\u00e9l\u00e9chargements - Tecno-Spuma\" \/>\n<meta property=\"og:description\" content=\"T\u00e9l\u00e9chargez les catalogues Tecno Spuma pour diff\u00e9rentes applications. Acc\u00e8s aux informations sur nos mousses techniques et acoustiques.\" \/>\n<meta property=\"og:url\" content=\"https:\/\/tecno-spuma.com\/fr\/catalogue-telechargements\/\" \/>\n<meta property=\"og:site_name\" content=\"Tecno-Spuma\" \/>\n<meta property=\"article:modified_time\" content=\"2024-12-05T15:06:08+00:00\" \/>\n<meta name=\"twitter:card\" content=\"summary_large_image\" \/>\n<meta name=\"twitter:label1\" content=\"Dur\u00e9e de lecture estim\u00e9e\" \/>\n\t<meta name=\"twitter:data1\" content=\"1 minute\" \/>\n<script type=\"application\/ld+json\" class=\"yoast-schema-graph\">{\"@context\":\"https:\\\/\\\/schema.org\",\"@graph\":[{\"@type\":\"WebPage\",\"@id\":\"https:\\\/\\\/tecno-spuma.com\\\/fr\\\/catalogue-telechargements\\\/\",\"url\":\"https:\\\/\\\/tecno-spuma.com\\\/fr\\\/catalogue-telechargements\\\/\",\"name\":\"Catalogue T\u00e9l\u00e9chargements - Tecno-Spuma\",\"isPartOf\":{\"@id\":\"https:\\\/\\\/tecno-spuma.com\\\/fr\\\/#website\"},\"datePublished\":\"2014-01-02T11:44:29+00:00\",\"dateModified\":\"2024-12-05T15:06:08+00:00\",\"description\":\"T\u00e9l\u00e9chargez les catalogues Tecno Spuma pour diff\u00e9rentes applications. Acc\u00e8s aux informations sur nos mousses techniques et acoustiques.\",\"breadcrumb\":{\"@id\":\"https:\\\/\\\/tecno-spuma.com\\\/fr\\\/catalogue-telechargements\\\/#breadcrumb\"},\"inLanguage\":\"fr-FR\",\"potentialAction\":[{\"@type\":\"ReadAction\",\"target\":[\"https:\\\/\\\/tecno-spuma.com\\\/fr\\\/catalogue-telechargements\\\/\"]}]},{\"@type\":\"BreadcrumbList\",\"@id\":\"https:\\\/\\\/tecno-spuma.com\\\/fr\\\/catalogue-telechargements\\\/#breadcrumb\",\"itemListElement\":[{\"@type\":\"ListItem\",\"position\":1,\"name\":\"Portada\",\"item\":\"https:\\\/\\\/tecno-spuma.com\\\/fr\\\/\"},{\"@type\":\"ListItem\",\"position\":2,\"name\":\"Catalogue T\u00e9l\u00e9chargements\"}]},{\"@type\":\"WebSite\",\"@id\":\"https:\\\/\\\/tecno-spuma.com\\\/fr\\\/#website\",\"url\":\"https:\\\/\\\/tecno-spuma.com\\\/fr\\\/\",\"name\":\"Tecno-Spuma\",\"description\":\"\",\"potentialAction\":[{\"@type\":\"SearchAction\",\"target\":{\"@type\":\"EntryPoint\",\"urlTemplate\":\"https:\\\/\\\/tecno-spuma.com\\\/fr\\\/?s={search_term_string}\"},\"query-input\":{\"@type\":\"PropertyValueSpecification\",\"valueRequired\":true,\"valueName\":\"search_term_string\"}}],\"inLanguage\":\"fr-FR\"}]}<\/script>\n<!-- \/ Yoast SEO plugin. -->","yoast_head_json":{"title":"Catalogue T\u00e9l\u00e9chargements - Tecno-Spuma","description":"T\u00e9l\u00e9chargez les catalogues Tecno Spuma pour diff\u00e9rentes applications. Acc\u00e8s aux informations sur nos mousses techniques et acoustiques.","robots":{"index":"index","follow":"follow","max-snippet":"max-snippet:-1","max-image-preview":"max-image-preview:large","max-video-preview":"max-video-preview:-1"},"canonical":"https:\/\/tecno-spuma.com\/fr\/catalogue-telechargements\/","og_locale":"fr_FR","og_type":"article","og_title":"Catalogue T\u00e9l\u00e9chargements - Tecno-Spuma","og_description":"T\u00e9l\u00e9chargez les catalogues Tecno Spuma pour diff\u00e9rentes applications. Acc\u00e8s aux informations sur nos mousses techniques et acoustiques.","og_url":"https:\/\/tecno-spuma.com\/fr\/catalogue-telechargements\/","og_site_name":"Tecno-Spuma","article_modified_time":"2024-12-05T15:06:08+00:00","twitter_card":"summary_large_image","twitter_misc":{"Dur\u00e9e de lecture estim\u00e9e":"1 minute"},"schema":{"@context":"https:\/\/schema.org","@graph":[{"@type":"WebPage","@id":"https:\/\/tecno-spuma.com\/fr\/catalogue-telechargements\/","url":"https:\/\/tecno-spuma.com\/fr\/catalogue-telechargements\/","name":"Catalogue T\u00e9l\u00e9chargements - Tecno-Spuma","isPartOf":{"@id":"https:\/\/tecno-spuma.com\/fr\/#website"},"datePublished":"2014-01-02T11:44:29+00:00","dateModified":"2024-12-05T15:06:08+00:00","description":"T\u00e9l\u00e9chargez les catalogues Tecno Spuma pour diff\u00e9rentes applications. Acc\u00e8s aux informations sur nos mousses techniques et acoustiques.","breadcrumb":{"@id":"https:\/\/tecno-spuma.com\/fr\/catalogue-telechargements\/#breadcrumb"},"inLanguage":"fr-FR","potentialAction":[{"@type":"ReadAction","target":["https:\/\/tecno-spuma.com\/fr\/catalogue-telechargements\/"]}]},{"@type":"BreadcrumbList","@id":"https:\/\/tecno-spuma.com\/fr\/catalogue-telechargements\/#breadcrumb","itemListElement":[{"@type":"ListItem","position":1,"name":"Portada","item":"https:\/\/tecno-spuma.com\/fr\/"},{"@type":"ListItem","position":2,"name":"Catalogue T\u00e9l\u00e9chargements"}]},{"@type":"WebSite","@id":"https:\/\/tecno-spuma.com\/fr\/#website","url":"https:\/\/tecno-spuma.com\/fr\/","name":"Tecno-Spuma","description":"","potentialAction":[{"@type":"SearchAction","target":{"@type":"EntryPoint","urlTemplate":"https:\/\/tecno-spuma.com\/fr\/?s={search_term_string}"},"query-input":{"@type":"PropertyValueSpecification","valueRequired":true,"valueName":"search_term_string"}}],"inLanguage":"fr-FR"}]}},"_links":{"self":[{"href":"https:\/\/tecno-spuma.com\/fr\/wp-json\/wp\/v2\/pages\/1373","targetHints":{"allow":["GET"]}}],"collection":[{"href":"https:\/\/tecno-spuma.com\/fr\/wp-json\/wp\/v2\/pages"}],"about":[{"href":"https:\/\/tecno-spuma.com\/fr\/wp-json\/wp\/v2\/types\/page"}],"author":[{"embeddable":true,"href":"https:\/\/tecno-spuma.com\/fr\/wp-json\/wp\/v2\/users\/1"}],"replies":[{"embeddable":true,"href":"https:\/\/tecno-spuma.com\/fr\/wp-json\/wp\/v2\/comments?post=1373"}],"version-history":[{"count":2,"href":"https:\/\/tecno-spuma.com\/fr\/wp-json\/wp\/v2\/pages\/1373\/revisions"}],"predecessor-version":[{"id":9134,"href":"https:\/\/tecno-spuma.com\/fr\/wp-json\/wp\/v2\/pages\/1373\/revisions\/9134"}],"wp:attachment":[{"href":"https:\/\/tecno-spuma.com\/fr\/wp-json\/wp\/v2\/media?parent=1373"}],"curies":[{"name":"wp","href":"https:\/\/api.w.org\/{rel}","templated":true}]}}