{"id":1396,"date":"2013-10-15T17:17:35","date_gmt":"2013-10-15T16:17:35","guid":{"rendered":"http:\/\/www.tecno-spuma.es\/contacto-2\/"},"modified":"2024-09-23T09:58:58","modified_gmt":"2024-09-23T08:58:58","slug":"contacter","status":"publish","type":"page","link":"https:\/\/tecno-spuma.com\/fr\/contacter\/","title":{"rendered":"Contacter"},"content":{"rendered":"<h3>Tecno Spuma S.L. (MCN-1) principal<\/h3>\n<p>C\/Santa Coloma 16<br \/>\nPol. Ind. Puigti\u00f3<br \/>\n17412 Ma\u00e7anet de la Selva<br \/>\nGirona (Espa\u00f1a)<\/p>\n<p>Tel.: +34 972 859 314<br \/>\n<a href=\"mailto:info@tecno-spuma.com\">info@tecno-spuma.com<\/a><\/p>\n<p>&nbsp;<\/p>\n<h3>Tecno Spuma S.L. (MCN-2)<\/h3>\n<p>Paratge de la Creu, s\/n,<br \/>\n17412 Ma\u00e7anet de la Selva<br \/>\nGirona (Espa\u00f1a)<\/p>\n<p>Tel.: +34 972 859 314<br \/>\n<a href=\"mailto:info@tecno-spuma.com\">info@tecno-spuma.com<\/a><\/p>\n<p><iframe loading=\"lazy\" style=\"border: 0;\" src=\"https:\/\/www.google.com\/maps\/embed?pb=!1m14!1m8!1m3!1d11899.709275080186!2d2.7285972!3d41.78678!3m2!1i1024!2i768!4f13.1!3m3!1m2!1s0x0%3A0xb862238c2ffc31fc!2sTecno-Spuma%20S.L.!5e0!3m2!1ses!2ses!4v1631786326107!5m2!1ses!2ses\" width=\"450\" height=\"338\" allowfullscreen=\"allowfullscreen\"><span data-mce-type=\"bookmark\" style=\"display: inline-block; width: 0px; overflow: hidden; line-height: 0;\" class=\"mce_SELRES_start\">\ufeff<\/span><\/iframe><\/p>\n<p><iframe loading=\"lazy\" style=\"border: 0;\" src=\"https:\/\/www.google.com\/maps\/embed?pb=!1m18!1m12!1m3!1d11900.72817934132!2d2.74153095580803!3d41.78129019433612!2m3!1f0!2f0!3f0!3m2!1i1024!2i768!4f13.1!3m3!1m2!1s0x12bb239e7b65fbc5%3A0x83e28595946e6cd8!2sTecno-Spuma%20S.L.%20(MCN-2)!5e0!3m2!1ses!2ses!4v1727080732844!5m2!1ses!2ses\" width=\"450\" height=\"338\" allowfullscreen=\"allowfullscreen\"><span data-mce-type=\"bookmark\" style=\"display: inline-block; width: 0px; overflow: hidden; line-height: 0;\" class=\"mce_SELRES_start\">\ufeff<\/span><\/iframe><\/p>\n","protected":false},"excerpt":{"rendered":"<p>Tecno Spuma S.L. (MCN-1) principal C\/Santa Coloma 16 Pol. Ind. Puigti\u00f3 17412 Ma\u00e7anet de la Selva Girona (Espa\u00f1a) Tel.: +34 972 859 314 info@tecno-spuma.com &nbsp; Tecno Spuma S.L. (MCN-2) Paratge de la Creu, s\/n, 17412 Ma\u00e7anet de la Selva Girona (Espa\u00f1a) Tel.: +34 972 859 314 info@tecno-spuma.com \ufeff \ufeff<\/p>\n","protected":false},"author":1,"featured_media":0,"parent":0,"menu_order":0,"comment_status":"open","ping_status":"open","template":"page-contacto.php","meta":{"_acf_changed":false,"footnotes":""},"class_list":["post-1396","page","type-page","status-publish","hentry"],"acf":[],"yoast_head":"<!-- This site is optimized with the Yoast SEO plugin v27.4 - https:\/\/yoast.com\/product\/yoast-seo-wordpress\/ -->\n<title>Contacter - Tecno-Spuma<\/title>\n<meta name=\"robots\" content=\"index, follow, max-snippet:-1, max-image-preview:large, max-video-preview:-1\" \/>\n<link rel=\"canonical\" href=\"https:\/\/tecno-spuma.com\/fr\/contacter\/\" \/>\n<meta property=\"og:locale\" content=\"fr_FR\" \/>\n<meta property=\"og:type\" content=\"article\" \/>\n<meta property=\"og:title\" content=\"Contacter - Tecno-Spuma\" \/>\n<meta property=\"og:description\" content=\"Tecno Spuma S.L. (MCN-1) principal C\/Santa Coloma 16 Pol. Ind. Puigti\u00f3 17412 Ma\u00e7anet de la Selva Girona (Espa\u00f1a) Tel.: +34 972 859 314 info@tecno-spuma.com &nbsp; Tecno Spuma S.L. (MCN-2) Paratge de la Creu, s\/n, 17412 Ma\u00e7anet de la Selva Girona (Espa\u00f1a) Tel.: +34 972 859 314 info@tecno-spuma.com \ufeff \ufeff\" \/>\n<meta property=\"og:url\" content=\"https:\/\/tecno-spuma.com\/fr\/contacter\/\" \/>\n<meta property=\"og:site_name\" content=\"Tecno-Spuma\" \/>\n<meta property=\"article:modified_time\" content=\"2024-09-23T08:58:58+00:00\" \/>\n<meta name=\"twitter:card\" content=\"summary_large_image\" \/>\n<meta name=\"twitter:label1\" content=\"Dur\u00e9e de lecture estim\u00e9e\" \/>\n\t<meta name=\"twitter:data1\" content=\"1 minute\" \/>\n<script type=\"application\/ld+json\" class=\"yoast-schema-graph\">{\"@context\":\"https:\\\/\\\/schema.org\",\"@graph\":[{\"@type\":\"WebPage\",\"@id\":\"https:\\\/\\\/tecno-spuma.com\\\/fr\\\/contacter\\\/\",\"url\":\"https:\\\/\\\/tecno-spuma.com\\\/fr\\\/contacter\\\/\",\"name\":\"Contacter - Tecno-Spuma\",\"isPartOf\":{\"@id\":\"https:\\\/\\\/tecno-spuma.com\\\/fr\\\/#website\"},\"datePublished\":\"2013-10-15T16:17:35+00:00\",\"dateModified\":\"2024-09-23T08:58:58+00:00\",\"breadcrumb\":{\"@id\":\"https:\\\/\\\/tecno-spuma.com\\\/fr\\\/contacter\\\/#breadcrumb\"},\"inLanguage\":\"fr-FR\",\"potentialAction\":[{\"@type\":\"ReadAction\",\"target\":[\"https:\\\/\\\/tecno-spuma.com\\\/fr\\\/contacter\\\/\"]}]},{\"@type\":\"BreadcrumbList\",\"@id\":\"https:\\\/\\\/tecno-spuma.com\\\/fr\\\/contacter\\\/#breadcrumb\",\"itemListElement\":[{\"@type\":\"ListItem\",\"position\":1,\"name\":\"Portada\",\"item\":\"https:\\\/\\\/tecno-spuma.com\\\/fr\\\/\"},{\"@type\":\"ListItem\",\"position\":2,\"name\":\"Contacter\"}]},{\"@type\":\"WebSite\",\"@id\":\"https:\\\/\\\/tecno-spuma.com\\\/fr\\\/#website\",\"url\":\"https:\\\/\\\/tecno-spuma.com\\\/fr\\\/\",\"name\":\"Tecno-Spuma\",\"description\":\"\",\"potentialAction\":[{\"@type\":\"SearchAction\",\"target\":{\"@type\":\"EntryPoint\",\"urlTemplate\":\"https:\\\/\\\/tecno-spuma.com\\\/fr\\\/?s={search_term_string}\"},\"query-input\":{\"@type\":\"PropertyValueSpecification\",\"valueRequired\":true,\"valueName\":\"search_term_string\"}}],\"inLanguage\":\"fr-FR\"}]}<\/script>\n<!-- \/ Yoast SEO plugin. -->","yoast_head_json":{"title":"Contacter - Tecno-Spuma","robots":{"index":"index","follow":"follow","max-snippet":"max-snippet:-1","max-image-preview":"max-image-preview:large","max-video-preview":"max-video-preview:-1"},"canonical":"https:\/\/tecno-spuma.com\/fr\/contacter\/","og_locale":"fr_FR","og_type":"article","og_title":"Contacter - Tecno-Spuma","og_description":"Tecno Spuma S.L. (MCN-1) principal C\/Santa Coloma 16 Pol. Ind. Puigti\u00f3 17412 Ma\u00e7anet de la Selva Girona (Espa\u00f1a) Tel.: +34 972 859 314 info@tecno-spuma.com &nbsp; Tecno Spuma S.L. (MCN-2) Paratge de la Creu, s\/n, 17412 Ma\u00e7anet de la Selva Girona (Espa\u00f1a) Tel.: +34 972 859 314 info@tecno-spuma.com \ufeff \ufeff","og_url":"https:\/\/tecno-spuma.com\/fr\/contacter\/","og_site_name":"Tecno-Spuma","article_modified_time":"2024-09-23T08:58:58+00:00","twitter_card":"summary_large_image","twitter_misc":{"Dur\u00e9e de lecture estim\u00e9e":"1 minute"},"schema":{"@context":"https:\/\/schema.org","@graph":[{"@type":"WebPage","@id":"https:\/\/tecno-spuma.com\/fr\/contacter\/","url":"https:\/\/tecno-spuma.com\/fr\/contacter\/","name":"Contacter - Tecno-Spuma","isPartOf":{"@id":"https:\/\/tecno-spuma.com\/fr\/#website"},"datePublished":"2013-10-15T16:17:35+00:00","dateModified":"2024-09-23T08:58:58+00:00","breadcrumb":{"@id":"https:\/\/tecno-spuma.com\/fr\/contacter\/#breadcrumb"},"inLanguage":"fr-FR","potentialAction":[{"@type":"ReadAction","target":["https:\/\/tecno-spuma.com\/fr\/contacter\/"]}]},{"@type":"BreadcrumbList","@id":"https:\/\/tecno-spuma.com\/fr\/contacter\/#breadcrumb","itemListElement":[{"@type":"ListItem","position":1,"name":"Portada","item":"https:\/\/tecno-spuma.com\/fr\/"},{"@type":"ListItem","position":2,"name":"Contacter"}]},{"@type":"WebSite","@id":"https:\/\/tecno-spuma.com\/fr\/#website","url":"https:\/\/tecno-spuma.com\/fr\/","name":"Tecno-Spuma","description":"","potentialAction":[{"@type":"SearchAction","target":{"@type":"EntryPoint","urlTemplate":"https:\/\/tecno-spuma.com\/fr\/?s={search_term_string}"},"query-input":{"@type":"PropertyValueSpecification","valueRequired":true,"valueName":"search_term_string"}}],"inLanguage":"fr-FR"}]}},"_links":{"self":[{"href":"https:\/\/tecno-spuma.com\/fr\/wp-json\/wp\/v2\/pages\/1396","targetHints":{"allow":["GET"]}}],"collection":[{"href":"https:\/\/tecno-spuma.com\/fr\/wp-json\/wp\/v2\/pages"}],"about":[{"href":"https:\/\/tecno-spuma.com\/fr\/wp-json\/wp\/v2\/types\/page"}],"author":[{"embeddable":true,"href":"https:\/\/tecno-spuma.com\/fr\/wp-json\/wp\/v2\/users\/1"}],"replies":[{"embeddable":true,"href":"https:\/\/tecno-spuma.com\/fr\/wp-json\/wp\/v2\/comments?post=1396"}],"version-history":[{"count":0,"href":"https:\/\/tecno-spuma.com\/fr\/wp-json\/wp\/v2\/pages\/1396\/revisions"}],"wp:attachment":[{"href":"https:\/\/tecno-spuma.com\/fr\/wp-json\/wp\/v2\/media?parent=1396"}],"curies":[{"name":"wp","href":"https:\/\/api.w.org\/{rel}","templated":true}]}}