{"id":4887,"date":"2017-06-04T22:01:42","date_gmt":"2017-06-04T21:01:42","guid":{"rendered":"http:\/\/www.tecno-spuma.es\/?page_id=4887"},"modified":"2024-07-13T18:41:59","modified_gmt":"2024-07-13T17:41:59","slug":"code-ethique","status":"publish","type":"page","link":"https:\/\/tecno-spuma.com\/fr\/enterprise\/code-ethique\/","title":{"rendered":"Code \u00c9thique"},"content":{"rendered":"","protected":false},"excerpt":{"rendered":"","protected":false},"author":1,"featured_media":0,"parent":1333,"menu_order":4,"comment_status":"closed","ping_status":"closed","template":"page-empresa.php","meta":{"_acf_changed":false,"footnotes":""},"class_list":["post-4887","page","type-page","status-publish","hentry"],"acf":[],"yoast_head":"<!-- This site is optimized with the Yoast SEO plugin v27.4 - https:\/\/yoast.com\/product\/yoast-seo-wordpress\/ -->\n<title>Code \u00c9thique - Tecno-Spuma<\/title>\n<meta name=\"description\" content=\"Le Code d&#039;\u00c9thique de Tecno Spuma comprend les lignes directrices et les comportements essentiels qui guident ses actions, divis\u00e9s en mission, vision et valeurs.\" \/>\n<meta name=\"robots\" content=\"index, follow, max-snippet:-1, max-image-preview:large, max-video-preview:-1\" \/>\n<link rel=\"canonical\" href=\"https:\/\/tecno-spuma.com\/fr\/enterprise\/code-ethique\/\" \/>\n<meta property=\"og:locale\" content=\"fr_FR\" \/>\n<meta property=\"og:type\" content=\"article\" \/>\n<meta property=\"og:title\" content=\"Code \u00c9thique - Tecno-Spuma\" \/>\n<meta property=\"og:description\" content=\"Le Code d&#039;\u00c9thique de Tecno Spuma comprend les lignes directrices et les comportements essentiels qui guident ses actions, divis\u00e9s en mission, vision et valeurs.\" \/>\n<meta property=\"og:url\" content=\"https:\/\/tecno-spuma.com\/fr\/enterprise\/code-ethique\/\" \/>\n<meta property=\"og:site_name\" content=\"Tecno-Spuma\" \/>\n<meta property=\"article:modified_time\" content=\"2024-07-13T17:41:59+00:00\" \/>\n<meta name=\"twitter:card\" content=\"summary_large_image\" \/>\n<meta name=\"twitter:label1\" content=\"Dur\u00e9e de lecture estim\u00e9e\" \/>\n\t<meta name=\"twitter:data1\" content=\"2 minutes\" \/>\n<script type=\"application\/ld+json\" class=\"yoast-schema-graph\">{\"@context\":\"https:\\\/\\\/schema.org\",\"@graph\":[{\"@type\":\"WebPage\",\"@id\":\"https:\\\/\\\/tecno-spuma.com\\\/fr\\\/enterprise\\\/code-ethique\\\/\",\"url\":\"https:\\\/\\\/tecno-spuma.com\\\/fr\\\/enterprise\\\/code-ethique\\\/\",\"name\":\"Code \u00c9thique - Tecno-Spuma\",\"isPartOf\":{\"@id\":\"https:\\\/\\\/tecno-spuma.com\\\/fr\\\/#website\"},\"datePublished\":\"2017-06-04T21:01:42+00:00\",\"dateModified\":\"2024-07-13T17:41:59+00:00\",\"description\":\"Le Code d'\u00c9thique de Tecno Spuma comprend les lignes directrices et les comportements essentiels qui guident ses actions, divis\u00e9s en mission, vision et valeurs.\",\"breadcrumb\":{\"@id\":\"https:\\\/\\\/tecno-spuma.com\\\/fr\\\/enterprise\\\/code-ethique\\\/#breadcrumb\"},\"inLanguage\":\"fr-FR\",\"potentialAction\":[{\"@type\":\"ReadAction\",\"target\":[\"https:\\\/\\\/tecno-spuma.com\\\/fr\\\/enterprise\\\/code-ethique\\\/\"]}]},{\"@type\":\"BreadcrumbList\",\"@id\":\"https:\\\/\\\/tecno-spuma.com\\\/fr\\\/enterprise\\\/code-ethique\\\/#breadcrumb\",\"itemListElement\":[{\"@type\":\"ListItem\",\"position\":1,\"name\":\"Portada\",\"item\":\"https:\\\/\\\/tecno-spuma.com\\\/fr\\\/\"},{\"@type\":\"ListItem\",\"position\":2,\"name\":\"Enterprise\",\"item\":\"https:\\\/\\\/tecno-spuma.com\\\/fr\\\/enterprise\\\/\"},{\"@type\":\"ListItem\",\"position\":3,\"name\":\"Code \u00c9thique\"}]},{\"@type\":\"WebSite\",\"@id\":\"https:\\\/\\\/tecno-spuma.com\\\/fr\\\/#website\",\"url\":\"https:\\\/\\\/tecno-spuma.com\\\/fr\\\/\",\"name\":\"Tecno-Spuma\",\"description\":\"\",\"potentialAction\":[{\"@type\":\"SearchAction\",\"target\":{\"@type\":\"EntryPoint\",\"urlTemplate\":\"https:\\\/\\\/tecno-spuma.com\\\/fr\\\/?s={search_term_string}\"},\"query-input\":{\"@type\":\"PropertyValueSpecification\",\"valueRequired\":true,\"valueName\":\"search_term_string\"}}],\"inLanguage\":\"fr-FR\"}]}<\/script>\n<!-- \/ Yoast SEO plugin. -->","yoast_head_json":{"title":"Code \u00c9thique - Tecno-Spuma","description":"Le Code d'\u00c9thique de Tecno Spuma comprend les lignes directrices et les comportements essentiels qui guident ses actions, divis\u00e9s en mission, vision et valeurs.","robots":{"index":"index","follow":"follow","max-snippet":"max-snippet:-1","max-image-preview":"max-image-preview:large","max-video-preview":"max-video-preview:-1"},"canonical":"https:\/\/tecno-spuma.com\/fr\/enterprise\/code-ethique\/","og_locale":"fr_FR","og_type":"article","og_title":"Code \u00c9thique - Tecno-Spuma","og_description":"Le Code d'\u00c9thique de Tecno Spuma comprend les lignes directrices et les comportements essentiels qui guident ses actions, divis\u00e9s en mission, vision et valeurs.","og_url":"https:\/\/tecno-spuma.com\/fr\/enterprise\/code-ethique\/","og_site_name":"Tecno-Spuma","article_modified_time":"2024-07-13T17:41:59+00:00","twitter_card":"summary_large_image","twitter_misc":{"Dur\u00e9e de lecture estim\u00e9e":"2 minutes"},"schema":{"@context":"https:\/\/schema.org","@graph":[{"@type":"WebPage","@id":"https:\/\/tecno-spuma.com\/fr\/enterprise\/code-ethique\/","url":"https:\/\/tecno-spuma.com\/fr\/enterprise\/code-ethique\/","name":"Code \u00c9thique - Tecno-Spuma","isPartOf":{"@id":"https:\/\/tecno-spuma.com\/fr\/#website"},"datePublished":"2017-06-04T21:01:42+00:00","dateModified":"2024-07-13T17:41:59+00:00","description":"Le Code d'\u00c9thique de Tecno Spuma comprend les lignes directrices et les comportements essentiels qui guident ses actions, divis\u00e9s en mission, vision et valeurs.","breadcrumb":{"@id":"https:\/\/tecno-spuma.com\/fr\/enterprise\/code-ethique\/#breadcrumb"},"inLanguage":"fr-FR","potentialAction":[{"@type":"ReadAction","target":["https:\/\/tecno-spuma.com\/fr\/enterprise\/code-ethique\/"]}]},{"@type":"BreadcrumbList","@id":"https:\/\/tecno-spuma.com\/fr\/enterprise\/code-ethique\/#breadcrumb","itemListElement":[{"@type":"ListItem","position":1,"name":"Portada","item":"https:\/\/tecno-spuma.com\/fr\/"},{"@type":"ListItem","position":2,"name":"Enterprise","item":"https:\/\/tecno-spuma.com\/fr\/enterprise\/"},{"@type":"ListItem","position":3,"name":"Code \u00c9thique"}]},{"@type":"WebSite","@id":"https:\/\/tecno-spuma.com\/fr\/#website","url":"https:\/\/tecno-spuma.com\/fr\/","name":"Tecno-Spuma","description":"","potentialAction":[{"@type":"SearchAction","target":{"@type":"EntryPoint","urlTemplate":"https:\/\/tecno-spuma.com\/fr\/?s={search_term_string}"},"query-input":{"@type":"PropertyValueSpecification","valueRequired":true,"valueName":"search_term_string"}}],"inLanguage":"fr-FR"}]}},"_links":{"self":[{"href":"https:\/\/tecno-spuma.com\/fr\/wp-json\/wp\/v2\/pages\/4887","targetHints":{"allow":["GET"]}}],"collection":[{"href":"https:\/\/tecno-spuma.com\/fr\/wp-json\/wp\/v2\/pages"}],"about":[{"href":"https:\/\/tecno-spuma.com\/fr\/wp-json\/wp\/v2\/types\/page"}],"author":[{"embeddable":true,"href":"https:\/\/tecno-spuma.com\/fr\/wp-json\/wp\/v2\/users\/1"}],"replies":[{"embeddable":true,"href":"https:\/\/tecno-spuma.com\/fr\/wp-json\/wp\/v2\/comments?post=4887"}],"version-history":[{"count":0,"href":"https:\/\/tecno-spuma.com\/fr\/wp-json\/wp\/v2\/pages\/4887\/revisions"}],"up":[{"embeddable":true,"href":"https:\/\/tecno-spuma.com\/fr\/wp-json\/wp\/v2\/pages\/1333"}],"wp:attachment":[{"href":"https:\/\/tecno-spuma.com\/fr\/wp-json\/wp\/v2\/media?parent=4887"}],"curies":[{"name":"wp","href":"https:\/\/api.w.org\/{rel}","templated":true}]}}