{"id":8287,"date":"2023-11-26T00:52:15","date_gmt":"2023-11-25T23:52:15","guid":{"rendered":"https:\/\/tecno-spuma.com\/?page_id=8287"},"modified":"2023-12-11T16:06:01","modified_gmt":"2023-12-11T15:06:01","slug":"formulaire-canal-ethique","status":"publish","type":"page","link":"https:\/\/tecno-spuma.com\/fr\/enterprise\/canal-ethique\/formulaire-canal-ethique\/","title":{"rendered":"Canal \u00e9thique de d\u00e9nonciations"},"content":{"rendered":"<p>&nbsp;<\/p>\n<p><a href=\"https:\/\/tecno-spuma.com\/fr\/enterprise\/canal-ethique\/\">Canal \u00c9thique &#8211; Tecno Spuma<\/a><\/p>\n<p><a href=\"https:\/\/tecno-spuma.com\/wp-content\/uploads\/2023\/12\/Ethical-Channel-operating-policy-of-TECNO-SPUMA.pdf\">Politique de fonctionnement du canal ethique<\/a><\/p>\n<p><img loading=\"lazy\" decoding=\"async\" class=\"alignnone size-medium wp-image-8157\" src=\"https:\/\/tecno-spuma.com\/wp-content\/uploads\/2023\/11\/hombre_boli-240x300.jpg\" alt=\"\" width=\"240\" height=\"300\" srcset=\"https:\/\/tecno-spuma.com\/wp-content\/uploads\/2023\/11\/hombre_boli-240x300.jpg 240w, https:\/\/tecno-spuma.com\/wp-content\/uploads\/2023\/11\/hombre_boli-819x1024.jpg 819w, https:\/\/tecno-spuma.com\/wp-content\/uploads\/2023\/11\/hombre_boli-768x960.jpg 768w, https:\/\/tecno-spuma.com\/wp-content\/uploads\/2023\/11\/hombre_boli-1229x1536.jpg 1229w, https:\/\/tecno-spuma.com\/wp-content\/uploads\/2023\/11\/hombre_boli-460x575.jpg 460w, https:\/\/tecno-spuma.com\/wp-content\/uploads\/2023\/11\/hombre_boli-708x885.jpg 708w, https:\/\/tecno-spuma.com\/wp-content\/uploads\/2023\/11\/hombre_boli.jpg 1638w\" sizes=\"auto, (max-width: 240px) 100vw, 240px\" \/><\/p>\n","protected":false},"excerpt":{"rendered":"<p>&nbsp; Canal \u00c9thique &#8211; Tecno Spuma Politique de fonctionnement du canal ethique<\/p>\n","protected":false},"author":1,"featured_media":0,"parent":8276,"menu_order":2,"comment_status":"closed","ping_status":"closed","template":"page-contacto.php","meta":{"_acf_changed":false,"footnotes":""},"class_list":["post-8287","page","type-page","status-publish","hentry"],"acf":[],"yoast_head":"<!-- This site is optimized with the Yoast SEO plugin v27.4 - https:\/\/yoast.com\/product\/yoast-seo-wordpress\/ -->\n<title>Canal \u00e9thique de d\u00e9nonciations - Tecno-Spuma<\/title>\n<meta name=\"description\" content=\"Formulaire du canal \u00e9thique des d\u00e9nonciations dans l\u2019environnement professionnel. Nous garantissons la s\u00e9curit\u00e9 et la confidentialit\u00e9.\" \/>\n<meta name=\"robots\" content=\"index, follow, max-snippet:-1, max-image-preview:large, max-video-preview:-1\" \/>\n<link rel=\"canonical\" href=\"https:\/\/tecno-spuma.com\/fr\/enterprise\/canal-ethique\/formulaire-canal-ethique\/\" \/>\n<meta property=\"og:locale\" content=\"fr_FR\" \/>\n<meta property=\"og:type\" content=\"article\" \/>\n<meta property=\"og:title\" content=\"Canal \u00e9thique de d\u00e9nonciations - Tecno-Spuma\" \/>\n<meta property=\"og:description\" content=\"Formulaire du canal \u00e9thique des d\u00e9nonciations dans l\u2019environnement professionnel. Nous garantissons la s\u00e9curit\u00e9 et la confidentialit\u00e9.\" \/>\n<meta property=\"og:url\" content=\"https:\/\/tecno-spuma.com\/fr\/enterprise\/canal-ethique\/formulaire-canal-ethique\/\" \/>\n<meta property=\"og:site_name\" content=\"Tecno-Spuma\" \/>\n<meta property=\"article:modified_time\" content=\"2023-12-11T15:06:01+00:00\" \/>\n<meta property=\"og:image\" content=\"https:\/\/tecno-spuma.com\/wp-content\/uploads\/2023\/11\/hombre_boli-240x300.jpg\" \/>\n<meta name=\"twitter:card\" content=\"summary_large_image\" \/>\n<meta name=\"twitter:label1\" content=\"Dur\u00e9e de lecture estim\u00e9e\" \/>\n\t<meta name=\"twitter:data1\" content=\"1 minute\" \/>\n<script type=\"application\/ld+json\" class=\"yoast-schema-graph\">{\"@context\":\"https:\\\/\\\/schema.org\",\"@graph\":[{\"@type\":\"WebPage\",\"@id\":\"https:\\\/\\\/tecno-spuma.com\\\/fr\\\/enterprise\\\/canal-ethique\\\/formulaire-canal-ethique\\\/\",\"url\":\"https:\\\/\\\/tecno-spuma.com\\\/fr\\\/enterprise\\\/canal-ethique\\\/formulaire-canal-ethique\\\/\",\"name\":\"Canal \u00e9thique de d\u00e9nonciations - Tecno-Spuma\",\"isPartOf\":{\"@id\":\"https:\\\/\\\/tecno-spuma.com\\\/fr\\\/#website\"},\"primaryImageOfPage\":{\"@id\":\"https:\\\/\\\/tecno-spuma.com\\\/fr\\\/enterprise\\\/canal-ethique\\\/formulaire-canal-ethique\\\/#primaryimage\"},\"image\":{\"@id\":\"https:\\\/\\\/tecno-spuma.com\\\/fr\\\/enterprise\\\/canal-ethique\\\/formulaire-canal-ethique\\\/#primaryimage\"},\"thumbnailUrl\":\"https:\\\/\\\/tecno-spuma.com\\\/wp-content\\\/uploads\\\/2023\\\/11\\\/hombre_boli-240x300.jpg\",\"datePublished\":\"2023-11-25T23:52:15+00:00\",\"dateModified\":\"2023-12-11T15:06:01+00:00\",\"description\":\"Formulaire du canal \u00e9thique des d\u00e9nonciations dans l\u2019environnement professionnel. Nous garantissons la s\u00e9curit\u00e9 et la confidentialit\u00e9.\",\"breadcrumb\":{\"@id\":\"https:\\\/\\\/tecno-spuma.com\\\/fr\\\/enterprise\\\/canal-ethique\\\/formulaire-canal-ethique\\\/#breadcrumb\"},\"inLanguage\":\"fr-FR\",\"potentialAction\":[{\"@type\":\"ReadAction\",\"target\":[\"https:\\\/\\\/tecno-spuma.com\\\/fr\\\/enterprise\\\/canal-ethique\\\/formulaire-canal-ethique\\\/\"]}]},{\"@type\":\"ImageObject\",\"inLanguage\":\"fr-FR\",\"@id\":\"https:\\\/\\\/tecno-spuma.com\\\/fr\\\/enterprise\\\/canal-ethique\\\/formulaire-canal-ethique\\\/#primaryimage\",\"url\":\"https:\\\/\\\/tecno-spuma.com\\\/wp-content\\\/uploads\\\/2023\\\/11\\\/hombre_boli-240x300.jpg\",\"contentUrl\":\"https:\\\/\\\/tecno-spuma.com\\\/wp-content\\\/uploads\\\/2023\\\/11\\\/hombre_boli-240x300.jpg\"},{\"@type\":\"BreadcrumbList\",\"@id\":\"https:\\\/\\\/tecno-spuma.com\\\/fr\\\/enterprise\\\/canal-ethique\\\/formulaire-canal-ethique\\\/#breadcrumb\",\"itemListElement\":[{\"@type\":\"ListItem\",\"position\":1,\"name\":\"Portada\",\"item\":\"https:\\\/\\\/tecno-spuma.com\\\/fr\\\/\"},{\"@type\":\"ListItem\",\"position\":2,\"name\":\"Enterprise\",\"item\":\"https:\\\/\\\/tecno-spuma.com\\\/fr\\\/enterprise\\\/\"},{\"@type\":\"ListItem\",\"position\":3,\"name\":\"Canal \u00e9thique\",\"item\":\"https:\\\/\\\/tecno-spuma.com\\\/fr\\\/enterprise\\\/canal-ethique\\\/\"},{\"@type\":\"ListItem\",\"position\":4,\"name\":\"Canal \u00e9thique de d\u00e9nonciations\"}]},{\"@type\":\"WebSite\",\"@id\":\"https:\\\/\\\/tecno-spuma.com\\\/fr\\\/#website\",\"url\":\"https:\\\/\\\/tecno-spuma.com\\\/fr\\\/\",\"name\":\"Tecno-Spuma\",\"description\":\"\",\"potentialAction\":[{\"@type\":\"SearchAction\",\"target\":{\"@type\":\"EntryPoint\",\"urlTemplate\":\"https:\\\/\\\/tecno-spuma.com\\\/fr\\\/?s={search_term_string}\"},\"query-input\":{\"@type\":\"PropertyValueSpecification\",\"valueRequired\":true,\"valueName\":\"search_term_string\"}}],\"inLanguage\":\"fr-FR\"}]}<\/script>\n<!-- \/ Yoast SEO plugin. -->","yoast_head_json":{"title":"Canal \u00e9thique de d\u00e9nonciations - Tecno-Spuma","description":"Formulaire du canal \u00e9thique des d\u00e9nonciations dans l\u2019environnement professionnel. Nous garantissons la s\u00e9curit\u00e9 et la confidentialit\u00e9.","robots":{"index":"index","follow":"follow","max-snippet":"max-snippet:-1","max-image-preview":"max-image-preview:large","max-video-preview":"max-video-preview:-1"},"canonical":"https:\/\/tecno-spuma.com\/fr\/enterprise\/canal-ethique\/formulaire-canal-ethique\/","og_locale":"fr_FR","og_type":"article","og_title":"Canal \u00e9thique de d\u00e9nonciations - Tecno-Spuma","og_description":"Formulaire du canal \u00e9thique des d\u00e9nonciations dans l\u2019environnement professionnel. Nous garantissons la s\u00e9curit\u00e9 et la confidentialit\u00e9.","og_url":"https:\/\/tecno-spuma.com\/fr\/enterprise\/canal-ethique\/formulaire-canal-ethique\/","og_site_name":"Tecno-Spuma","article_modified_time":"2023-12-11T15:06:01+00:00","og_image":[{"url":"https:\/\/tecno-spuma.com\/wp-content\/uploads\/2023\/11\/hombre_boli-240x300.jpg","type":"","width":"","height":""}],"twitter_card":"summary_large_image","twitter_misc":{"Dur\u00e9e de lecture estim\u00e9e":"1 minute"},"schema":{"@context":"https:\/\/schema.org","@graph":[{"@type":"WebPage","@id":"https:\/\/tecno-spuma.com\/fr\/enterprise\/canal-ethique\/formulaire-canal-ethique\/","url":"https:\/\/tecno-spuma.com\/fr\/enterprise\/canal-ethique\/formulaire-canal-ethique\/","name":"Canal \u00e9thique de d\u00e9nonciations - Tecno-Spuma","isPartOf":{"@id":"https:\/\/tecno-spuma.com\/fr\/#website"},"primaryImageOfPage":{"@id":"https:\/\/tecno-spuma.com\/fr\/enterprise\/canal-ethique\/formulaire-canal-ethique\/#primaryimage"},"image":{"@id":"https:\/\/tecno-spuma.com\/fr\/enterprise\/canal-ethique\/formulaire-canal-ethique\/#primaryimage"},"thumbnailUrl":"https:\/\/tecno-spuma.com\/wp-content\/uploads\/2023\/11\/hombre_boli-240x300.jpg","datePublished":"2023-11-25T23:52:15+00:00","dateModified":"2023-12-11T15:06:01+00:00","description":"Formulaire du canal \u00e9thique des d\u00e9nonciations dans l\u2019environnement professionnel. Nous garantissons la s\u00e9curit\u00e9 et la confidentialit\u00e9.","breadcrumb":{"@id":"https:\/\/tecno-spuma.com\/fr\/enterprise\/canal-ethique\/formulaire-canal-ethique\/#breadcrumb"},"inLanguage":"fr-FR","potentialAction":[{"@type":"ReadAction","target":["https:\/\/tecno-spuma.com\/fr\/enterprise\/canal-ethique\/formulaire-canal-ethique\/"]}]},{"@type":"ImageObject","inLanguage":"fr-FR","@id":"https:\/\/tecno-spuma.com\/fr\/enterprise\/canal-ethique\/formulaire-canal-ethique\/#primaryimage","url":"https:\/\/tecno-spuma.com\/wp-content\/uploads\/2023\/11\/hombre_boli-240x300.jpg","contentUrl":"https:\/\/tecno-spuma.com\/wp-content\/uploads\/2023\/11\/hombre_boli-240x300.jpg"},{"@type":"BreadcrumbList","@id":"https:\/\/tecno-spuma.com\/fr\/enterprise\/canal-ethique\/formulaire-canal-ethique\/#breadcrumb","itemListElement":[{"@type":"ListItem","position":1,"name":"Portada","item":"https:\/\/tecno-spuma.com\/fr\/"},{"@type":"ListItem","position":2,"name":"Enterprise","item":"https:\/\/tecno-spuma.com\/fr\/enterprise\/"},{"@type":"ListItem","position":3,"name":"Canal \u00e9thique","item":"https:\/\/tecno-spuma.com\/fr\/enterprise\/canal-ethique\/"},{"@type":"ListItem","position":4,"name":"Canal \u00e9thique de d\u00e9nonciations"}]},{"@type":"WebSite","@id":"https:\/\/tecno-spuma.com\/fr\/#website","url":"https:\/\/tecno-spuma.com\/fr\/","name":"Tecno-Spuma","description":"","potentialAction":[{"@type":"SearchAction","target":{"@type":"EntryPoint","urlTemplate":"https:\/\/tecno-spuma.com\/fr\/?s={search_term_string}"},"query-input":{"@type":"PropertyValueSpecification","valueRequired":true,"valueName":"search_term_string"}}],"inLanguage":"fr-FR"}]}},"_links":{"self":[{"href":"https:\/\/tecno-spuma.com\/fr\/wp-json\/wp\/v2\/pages\/8287","targetHints":{"allow":["GET"]}}],"collection":[{"href":"https:\/\/tecno-spuma.com\/fr\/wp-json\/wp\/v2\/pages"}],"about":[{"href":"https:\/\/tecno-spuma.com\/fr\/wp-json\/wp\/v2\/types\/page"}],"author":[{"embeddable":true,"href":"https:\/\/tecno-spuma.com\/fr\/wp-json\/wp\/v2\/users\/1"}],"replies":[{"embeddable":true,"href":"https:\/\/tecno-spuma.com\/fr\/wp-json\/wp\/v2\/comments?post=8287"}],"version-history":[{"count":0,"href":"https:\/\/tecno-spuma.com\/fr\/wp-json\/wp\/v2\/pages\/8287\/revisions"}],"up":[{"embeddable":true,"href":"https:\/\/tecno-spuma.com\/fr\/wp-json\/wp\/v2\/pages\/8276"}],"wp:attachment":[{"href":"https:\/\/tecno-spuma.com\/fr\/wp-json\/wp\/v2\/media?parent=8287"}],"curies":[{"name":"wp","href":"https:\/\/api.w.org\/{rel}","templated":true}]}}